{"id":5205,"date":"2023-03-21T11:51:50","date_gmt":"2023-03-21T11:51:50","guid":{"rendered":"https:\/\/pacorivieraparis.com\/product\/osiria-mauve-eau-de-toilette-pour-femme-100-ml\/"},"modified":"2024-07-13T18:32:10","modified_gmt":"2024-07-13T18:32:10","slug":"osiria-mauve-eau-de-toilette-pour-femme-100-ml","status":"publish","type":"product","link":"https:\/\/pacorivieraparis.com\/fr\/produit\/osiria-mauve-eau-de-toilette-pour-femme-100-ml\/","title":{"rendered":"Osiria Mauve Eau de Toilette Pour Femme 100 ml"},"content":{"rendered":"<p dir=\"ltr\"><span class=\"x193iq5w xeuugli x13faqbe x1vvkbs x1xmvt09 x1lliihq x1s928wv xhkezso x1gmr53x x1cpjm7i x1fgarty x1943h6x xudqn12 x3x7a5m x6prxxf xvq8zen xo1l8bm xzsf02u x1yc453h\" dir=\"auto\">Laissez-vous emporter par la premi\u00e8re eau de toilette d&#8217;Osiria, o\u00f9 la bergamote vive et l&#8217;\u00e9pic\u00e9 gingembre dansent avec des touches de poire juteuse et de cassis \u00e9clatant. Le c\u0153ur bat ensuite la chamade, avec la douceur florale de la fleur d&#8217;oranger et du jasmin, se m\u00e9langeant subtilement avec la gourmandise du caramel et de la p\u00eache. Enfin, laissez-vous envo\u00fbter par les notes de fond, o\u00f9 la vanille cr\u00e9meuse et la f\u00e8ve tonka apportent une touche de chaleur, tandis que l&#8217;ambre bois\u00e9 et le musc ajoutent une profondeur sensuelle \u00e0 cette exp\u00e9rience olfactive. Osiria, une histoire envo\u00fbtante qui se d\u00e9voile \u00e0 chaque pulv\u00e9risation.<\/span><\/p>\n","protected":false},"excerpt":{"rendered":"<p dir=\"ltr\">Carton: 12 pi\u00e8ce<\/p>\n","protected":false},"featured_media":5221,"comment_status":"open","ping_status":"closed","template":"","meta":[],"product_brand":[],"product_cat":[139],"product_tag":[104],"class_list":{"0":"post-5205","1":"product","2":"type-product","3":"status-publish","4":"has-post-thumbnail","6":"product_cat-parfums-pour-femmes","7":"product_tag-parfum","9":"first","10":"instock","11":"shipping-taxable","12":"purchasable","13":"product-type-simple"},"_links":{"self":[{"href":"https:\/\/pacorivieraparis.com\/fr\/wp-json\/wp\/v2\/product\/5205","targetHints":{"allow":["GET"]}}],"collection":[{"href":"https:\/\/pacorivieraparis.com\/fr\/wp-json\/wp\/v2\/product"}],"about":[{"href":"https:\/\/pacorivieraparis.com\/fr\/wp-json\/wp\/v2\/types\/product"}],"replies":[{"embeddable":true,"href":"https:\/\/pacorivieraparis.com\/fr\/wp-json\/wp\/v2\/comments?post=5205"}],"wp:featuredmedia":[{"embeddable":true,"href":"https:\/\/pacorivieraparis.com\/fr\/wp-json\/wp\/v2\/media\/5221"}],"wp:attachment":[{"href":"https:\/\/pacorivieraparis.com\/fr\/wp-json\/wp\/v2\/media?parent=5205"}],"wp:term":[{"taxonomy":"product_brand","embeddable":true,"href":"https:\/\/pacorivieraparis.com\/fr\/wp-json\/wp\/v2\/product_brand?post=5205"},{"taxonomy":"product_cat","embeddable":true,"href":"https:\/\/pacorivieraparis.com\/fr\/wp-json\/wp\/v2\/product_cat?post=5205"},{"taxonomy":"product_tag","embeddable":true,"href":"https:\/\/pacorivieraparis.com\/fr\/wp-json\/wp\/v2\/product_tag?post=5205"}],"curies":[{"name":"wp","href":"https:\/\/api.w.org\/{rel}","templated":true}]}}