{"id":4058,"date":"2022-08-06T23:45:57","date_gmt":"2022-08-06T23:45:57","guid":{"rendered":"https:\/\/pacorivieraparis.com\/product\/%d9%87%d9%84%d8%a7%d9%85-%d8%a7%d9%84%d8%a5%d8%b3%d8%aa%d8%ad%d9%85%d8%a7%d9%85-%d8%a8%d8%a7%d9%83%d9%88-%d8%b1%d9%8a%d9%81%d9%8a%d9%8a%d8%b1%d8%a7-%d8%b3%d9%85%d9%88%d8%ab%d9%8a%d8%b3-%d8%a8%d8%b1"},"modified":"2026-01-07T19:59:09","modified_gmt":"2026-01-07T19:59:09","slug":"paco-riviera-smoothies-gel-douche-a-la-noix-de-coco-400ml","status":"publish","type":"product","link":"https:\/\/pacorivieraparis.com\/fr\/produit\/paco-riviera-smoothies-gel-douche-a-la-noix-de-coco-400ml\/","title":{"rendered":"Paco Riviera fresh smoothies gel douche \u00e0 la noix de coco 400ml"},"content":{"rendered":"<p dir=\"ltr\" style=\"text-align: left;\"><strong>Description:<\/strong><\/p>\n<p dir=\"ltr\" style=\"text-align: left;\">D\u00e9couvrez l&#8217;\u00e9vasion tropicale du gel douche Fresh smoothies \u00e0 la noix de coco de Paco Riviera.<\/p>\n<p dir=\"ltr\" style=\"text-align: left;\">Sp\u00e9cialement formul\u00e9 pour nourrir m\u00eame les peaux les plus sensibles, il ne contient pas de parab\u00e8ne et vous permet de profiter d&#8217;une exp\u00e9rience comme aucune autre.<\/p>\n<p dir=\"ltr\" style=\"text-align: left;\">Un luxueux m\u00e9lange d&#8217;ingr\u00e9dients naturels des Cara\u00efbes, dont la noix de coco, nourrira et apaisera les irritations en profondeur pour une v\u00e9ritable sensation de bien-\u00eatre.<\/p>\n<p dir=\"ltr\" style=\"text-align: left;\"><strong>Le saviez-vous\u00a0?<\/strong><\/p>\n<p dir=\"ltr\" style=\"text-align: left;\">Le PEG-7 glyc\u00e9ryl de cocoate pr\u00e9sent dans notre gel douche est un agent revitalisant pour la peau.<\/p>\n<p dir=\"ltr\" style=\"text-align: left;\"><strong>Conseils et pr\u00e9cautions d\u2019emploi\u00a0:<\/strong><\/p>\n<p dir=\"ltr\" style=\"text-align: left;\">Appliquez le gel douche sur votre chouchou de bain ou sur la paume des mains, en massant d\u00e9licatement l\u2019ensemble du corps.<\/p>\n<p dir=\"ltr\" style=\"text-align: left;\">Ce produit ne doit pas \u00eatre laiss\u00e9 \u00e0 la port\u00e9e des enfants.<\/p>\n<p dir=\"ltr\" style=\"text-align: left;\">En cas de contact avec les yeux, rincez abondamment \u00e0 l\u2019eau ti\u00e8de.<\/p>\n<ul dir=\"ltr\">\n<li style=\"text-align: left;\">Test\u00e9 et approuv\u00e9 par les dermatologues.<\/li>\n<li style=\"text-align: left;\">Ce produit ne contient pas de parab\u00e8nes.<\/li>\n<\/ul>\n","protected":false},"excerpt":{"rendered":"<p style=\"text-align: left;\">Carton:10 unit\u00e9s<\/p>\n","protected":false},"featured_media":3566,"comment_status":"open","ping_status":"closed","template":"","meta":[],"product_brand":[],"product_cat":[110],"product_tag":[94],"class_list":{"0":"post-4058","1":"product","2":"type-product","3":"status-publish","4":"has-post-thumbnail","6":"product_cat-gel-douche","7":"product_tag-gel-douche","9":"first","10":"instock","11":"shipping-taxable","12":"purchasable","13":"product-type-simple"},"_links":{"self":[{"href":"https:\/\/pacorivieraparis.com\/fr\/wp-json\/wp\/v2\/product\/4058","targetHints":{"allow":["GET"]}}],"collection":[{"href":"https:\/\/pacorivieraparis.com\/fr\/wp-json\/wp\/v2\/product"}],"about":[{"href":"https:\/\/pacorivieraparis.com\/fr\/wp-json\/wp\/v2\/types\/product"}],"replies":[{"embeddable":true,"href":"https:\/\/pacorivieraparis.com\/fr\/wp-json\/wp\/v2\/comments?post=4058"}],"wp:featuredmedia":[{"embeddable":true,"href":"https:\/\/pacorivieraparis.com\/fr\/wp-json\/wp\/v2\/media\/3566"}],"wp:attachment":[{"href":"https:\/\/pacorivieraparis.com\/fr\/wp-json\/wp\/v2\/media?parent=4058"}],"wp:term":[{"taxonomy":"product_brand","embeddable":true,"href":"https:\/\/pacorivieraparis.com\/fr\/wp-json\/wp\/v2\/product_brand?post=4058"},{"taxonomy":"product_cat","embeddable":true,"href":"https:\/\/pacorivieraparis.com\/fr\/wp-json\/wp\/v2\/product_cat?post=4058"},{"taxonomy":"product_tag","embeddable":true,"href":"https:\/\/pacorivieraparis.com\/fr\/wp-json\/wp\/v2\/product_tag?post=4058"}],"curies":[{"name":"wp","href":"https:\/\/api.w.org\/{rel}","templated":true}]}}