{"id":4054,"date":"2022-08-06T23:49:09","date_gmt":"2022-08-06T23:49:09","guid":{"rendered":"https:\/\/pacorivieraparis.com\/product\/%d9%87%d9%84%d8%a7%d9%85-%d8%a7%d9%84%d8%a5%d8%b3%d8%aa%d8%ad%d9%85%d8%a7%d9%85-%d8%a8%d8%a7%d9%83%d9%88-%d8%b1%d9%8a%d9%81%d9%8a%d9%8a%d8%b1%d8%a7-%d8%b3%d9%85%d9%88%d8%ab%d9%8a%d8%b3-%d8%a8%d8%b1"},"modified":"2026-01-07T19:59:10","modified_gmt":"2026-01-07T19:59:10","slug":"paco-riviera-smoothies-gel-douche-au-parfum-dargan-400ml","status":"publish","type":"product","link":"https:\/\/pacorivieraparis.com\/fr\/produit\/paco-riviera-smoothies-gel-douche-au-parfum-dargan-400ml\/","title":{"rendered":"Paco Riviera fresh smoothies gel douche au parfum d&#8217;argan 400ml"},"content":{"rendered":"<p dir=\"ltr\" style=\"text-align: left;\"><strong>Description<\/strong>:<\/p>\n<p dir=\"ltr\" style=\"text-align: left;\">Voici le gel douche Fresh smoothies au parfum d&#8217;argan de Paco Riviera !<\/p>\n<p dir=\"ltr\" style=\"text-align: left;\">Sa mousse g\u00e9n\u00e9reuse nourrit votre peau, la laissant choy\u00e9e et hydrat\u00e9e \u00e0 chaque utilisation. De plus, sa formule sans parab\u00e8nes garantit que vous n&#8217;obtenez que le meilleur.<\/p>\n<p dir=\"ltr\" style=\"text-align: left;\">\u00a0Profitez d\u2019un parfum exquis et envoutant \u00e0 chaque douche.<\/p>\n<p dir=\"ltr\" style=\"text-align: left;\"><strong>Le saviez-vous\u00a0?<\/strong><\/p>\n<p dir=\"ltr\" style=\"text-align: left;\">La vitamine E pr\u00e9sente dans l\u2019huile d\u2019argan fait d\u2019elle un puissant antioxydant liposoluble qui contribue fortement \u00e0 la r\u00e9tention d\u2019eau de la peau.<\/p>\n<p dir=\"ltr\" style=\"text-align: left;\"><strong>Conseils et pr\u00e9cautions d\u2019emploi\u00a0:<\/strong><\/p>\n<p dir=\"ltr\" style=\"text-align: left;\">Appliquez le gel douche sur votre chouchou de bain ou sur la paume des mains, en massant d\u00e9licatement l\u2019ensemble du corps.<\/p>\n<p dir=\"ltr\" style=\"text-align: left;\">Ce produit ne doit pas \u00eatre laiss\u00e9 \u00e0 la port\u00e9e des enfants.<\/p>\n<p dir=\"ltr\" style=\"text-align: left;\">En cas de contact avec les yeux, rincez abondamment \u00e0 l\u2019eau ti\u00e8de.<\/p>\n<ul dir=\"ltr\">\n<li style=\"text-align: left;\">Test\u00e9 et approuv\u00e9 par les dermatologues.<\/li>\n<li style=\"text-align: left;\">Ce produit ne contient pas de parab\u00e8nes.<\/li>\n<\/ul>\n","protected":false},"excerpt":{"rendered":"<p style=\"text-align: left;\">Carton:10 unit\u00e9s<\/p>\n","protected":false},"featured_media":3556,"comment_status":"open","ping_status":"closed","template":"","meta":[],"product_brand":[],"product_cat":[110],"product_tag":[94],"class_list":{"0":"post-4054","1":"product","2":"type-product","3":"status-publish","4":"has-post-thumbnail","6":"product_cat-gel-douche","7":"product_tag-gel-douche","8":"pa_sizes-100ml-fr","9":"pa_sizes-50ml-fr","10":"pa_-red-fr","11":"pa_-green-fr","13":"first","14":"instock","15":"shipping-taxable","16":"purchasable","17":"product-type-simple"},"_links":{"self":[{"href":"https:\/\/pacorivieraparis.com\/fr\/wp-json\/wp\/v2\/product\/4054","targetHints":{"allow":["GET"]}}],"collection":[{"href":"https:\/\/pacorivieraparis.com\/fr\/wp-json\/wp\/v2\/product"}],"about":[{"href":"https:\/\/pacorivieraparis.com\/fr\/wp-json\/wp\/v2\/types\/product"}],"replies":[{"embeddable":true,"href":"https:\/\/pacorivieraparis.com\/fr\/wp-json\/wp\/v2\/comments?post=4054"}],"wp:featuredmedia":[{"embeddable":true,"href":"https:\/\/pacorivieraparis.com\/fr\/wp-json\/wp\/v2\/media\/3556"}],"wp:attachment":[{"href":"https:\/\/pacorivieraparis.com\/fr\/wp-json\/wp\/v2\/media?parent=4054"}],"wp:term":[{"taxonomy":"product_brand","embeddable":true,"href":"https:\/\/pacorivieraparis.com\/fr\/wp-json\/wp\/v2\/product_brand?post=4054"},{"taxonomy":"product_cat","embeddable":true,"href":"https:\/\/pacorivieraparis.com\/fr\/wp-json\/wp\/v2\/product_cat?post=4054"},{"taxonomy":"product_tag","embeddable":true,"href":"https:\/\/pacorivieraparis.com\/fr\/wp-json\/wp\/v2\/product_tag?post=4054"}],"curies":[{"name":"wp","href":"https:\/\/api.w.org\/{rel}","templated":true}]}}