{"id":4053,"date":"2022-08-13T13:44:41","date_gmt":"2022-08-13T13:44:41","guid":{"rendered":"https:\/\/pacorivieraparis.com\/product\/%d8%a8%d8%b1%d9%88%d9%81%d9%8a%d8%af%d9%88%d9%86%d8%b3-%d8%a7%d9%84%d8%a3%d8%b3%d9%88%d8%af-%d9%85%d8%a7%d8%a1-%d8%aa%d9%88%d8%a7%d9%84%d9%8a%d8%aa-%d9%84%d9%84%d8%b1%d8%ac%d8%a7%d9%84-120%d9%85%d9"},"modified":"2023-03-21T10:26:53","modified_gmt":"2023-03-21T10:26:53","slug":"providence-black-eau-de-toilette-pour-homme-120ml","status":"publish","type":"product","link":"https:\/\/pacorivieraparis.com\/fr\/produit\/providence-black-eau-de-toilette-pour-homme-120ml\/","title":{"rendered":"Providence black Eau de Toilette pour homme 120ml"},"content":{"rendered":"<p dir=\"ltr\" style=\"text-align: left;\"><strong>Description:<\/strong><\/p>\n<p dir=\"ltr\" style=\"text-align: left;\">Choisissez votre parfum comme vous choisissez votre v\u00eatement:<br \/>\nLes notes originales et myst\u00e9rieuses de ce parfum bois\u00e9 collent \u00e0 la peau, comme un engagement absolu.\u00a0 Les accords rafra\u00eechissants et fruit\u00e9s des pommes Granny Smith sont rehauss\u00e9s par les notes enivrantes du tabac \u00e0 narguil\u00e9 et du bois ambr\u00e9.\u00a0 Cette combinaison audacieuse et puissante est un appel \u00e0 l&#8217;excitation et \u00e0 l&#8217;affirmation de soi.\u00a0 Son intensit\u00e9 olfactive s&#8217;assume quand on porte ses convictions: haut et fort, avec courage et d\u00e9termination.\u00a0 L&#8217;homme qui a parfum\u00e9 PROVIDENCE de PACO RIVIERA est s\u00fbr de lui et de son identit\u00e9, et il a une part de r\u00e9bellion qui lui permet d&#8217;appara\u00eetre \u00e0 travers le choix de son parfum.\u00a0 Ses diff\u00e9rents aspects s&#8217;expriment et chacun a sa place.<\/p>\n<p dir=\"ltr\" style=\"text-align: left;\">Pour exprimer toute cette puissance, la bouteille avec seulement la PROVIDENCE de PACO RIVIERA peut \u00eatre \u00e0 son image: Virile et pleine de personnalit\u00e9.\u00a0 C&#8217;est d&#8217;elle qu&#8217;\u00e9manent toute duret\u00e9 et toute force.\u00a0 Le nom Eau de toilette se r\u00e9pand habilement sur le flacon, en fait une pi\u00e8ce d\u00e9corative en soi, qui peut \u00eatre plac\u00e9e de diff\u00e9rentes mani\u00e8res dans votre salle de bain.\u00a0 Facile \u00e0 tenir, vous pouvez vaporiser l&#8217;eau de toilette PROVIDENCE sur vos v\u00eatements pour vous l&#8217;approprier.\u00a0 Un spray suffit pour un port prolong\u00e9.\u00a0 Son \u00e9l\u00e9gance polie et addictive s&#8217;adapte \u00e0 toutes les saisons et vous accompagne avec app\u00e9tit.\u00a0 Ses odeurs sont irr\u00e9sistiblement sexy et s\u00e9duisantes.<\/p>\n<p dir=\"ltr\" style=\"text-align: left;\"><strong>Conseils d&#8217;utilisation:<\/strong><\/p>\n<p dir=\"ltr\" style=\"text-align: left;\">Vaporisez l&#8217;Eau de toilette Providence sur les points de pulsation: cou, poitrine, poignets pour augmenter la dur\u00e9e de vie du parfum.<\/p>\n","protected":false},"excerpt":{"rendered":"<p style=\"text-align: left;\">Carton:12 unit\u00e9s<\/p>\n","protected":false},"featured_media":3576,"comment_status":"open","ping_status":"closed","template":"","meta":[],"product_brand":[],"product_cat":[109],"product_tag":[104],"class_list":{"0":"post-4053","1":"product","2":"type-product","3":"status-publish","4":"has-post-thumbnail","6":"product_cat-parfums-pour-hommes","7":"product_tag-parfum","9":"first","10":"instock","11":"shipping-taxable","12":"purchasable","13":"product-type-simple"},"_links":{"self":[{"href":"https:\/\/pacorivieraparis.com\/fr\/wp-json\/wp\/v2\/product\/4053","targetHints":{"allow":["GET"]}}],"collection":[{"href":"https:\/\/pacorivieraparis.com\/fr\/wp-json\/wp\/v2\/product"}],"about":[{"href":"https:\/\/pacorivieraparis.com\/fr\/wp-json\/wp\/v2\/types\/product"}],"replies":[{"embeddable":true,"href":"https:\/\/pacorivieraparis.com\/fr\/wp-json\/wp\/v2\/comments?post=4053"}],"wp:featuredmedia":[{"embeddable":true,"href":"https:\/\/pacorivieraparis.com\/fr\/wp-json\/wp\/v2\/media\/3576"}],"wp:attachment":[{"href":"https:\/\/pacorivieraparis.com\/fr\/wp-json\/wp\/v2\/media?parent=4053"}],"wp:term":[{"taxonomy":"product_brand","embeddable":true,"href":"https:\/\/pacorivieraparis.com\/fr\/wp-json\/wp\/v2\/product_brand?post=4053"},{"taxonomy":"product_cat","embeddable":true,"href":"https:\/\/pacorivieraparis.com\/fr\/wp-json\/wp\/v2\/product_cat?post=4053"},{"taxonomy":"product_tag","embeddable":true,"href":"https:\/\/pacorivieraparis.com\/fr\/wp-json\/wp\/v2\/product_tag?post=4053"}],"curies":[{"name":"wp","href":"https:\/\/api.w.org\/{rel}","templated":true}]}}