{"id":3700,"date":"2022-08-13T13:46:39","date_gmt":"2022-08-13T13:46:39","guid":{"rendered":"https:\/\/pacorivieraparis.com\/product\/%d8%a8%d8%b1%d9%88%d9%81%d9%8a%d8%af%d9%88%d9%86%d8%b3-%d8%a7%d9%84%d8%a3%d8%ae%d8%b6%d8%b1-%d9%85%d8%a7%d8%a1-%d8%aa%d9%88%d8%a7%d9%84%d9%8a%d8%aa-%d9%84%d9%84%d8%b1%d8%ac%d8%a7%d9%84-120%d9%85%d9"},"modified":"2023-03-21T10:25:44","modified_gmt":"2023-03-21T10:25:44","slug":"providence-green-eau-de-toilette-pour-homme-120ml","status":"publish","type":"product","link":"https:\/\/pacorivieraparis.com\/fr\/produit\/providence-green-eau-de-toilette-pour-homme-120ml\/","title":{"rendered":"Providence green Eau de Toilette pour homme 120ml"},"content":{"rendered":"<p dir=\"ltr\" style=\"text-align: left;\"><strong>Description:<\/strong><\/p>\n<p dir=\"ltr\" style=\"text-align: left;\">Avec ses notes de menthe et de v\u00e9tiver, c&#8217;est un v\u00e9ritable stimulant pour les sens.\u00a0 Rafra\u00eechissante et masculine, elle d\u00e9crit un homme d\u00e9termin\u00e9 et dynamique, dans le sport comme dans la vie.<\/p>\n<p dir=\"ltr\" style=\"text-align: left;\"><strong>Conseils d&#8217;utilisation:<\/strong><\/p>\n<p dir=\"ltr\" style=\"text-align: left;\">Vaporisez l&#8217;Eau de toilette Providence sur les points de pulsation: cou, poitrine, poignets pour augmenter la dur\u00e9e de vie du parfum.<\/p>\n","protected":false},"excerpt":{"rendered":"<p style=\"text-align: left;\">Carton:12 unit\u00e9s<\/p>\n","protected":false},"featured_media":3579,"comment_status":"open","ping_status":"closed","template":"","meta":[],"product_brand":[],"product_cat":[109],"product_tag":[104],"class_list":{"0":"post-3700","1":"product","2":"type-product","3":"status-publish","4":"has-post-thumbnail","6":"product_cat-parfums-pour-hommes","7":"product_tag-parfum","9":"first","10":"instock","11":"shipping-taxable","12":"purchasable","13":"product-type-simple"},"_links":{"self":[{"href":"https:\/\/pacorivieraparis.com\/fr\/wp-json\/wp\/v2\/product\/3700","targetHints":{"allow":["GET"]}}],"collection":[{"href":"https:\/\/pacorivieraparis.com\/fr\/wp-json\/wp\/v2\/product"}],"about":[{"href":"https:\/\/pacorivieraparis.com\/fr\/wp-json\/wp\/v2\/types\/product"}],"replies":[{"embeddable":true,"href":"https:\/\/pacorivieraparis.com\/fr\/wp-json\/wp\/v2\/comments?post=3700"}],"wp:featuredmedia":[{"embeddable":true,"href":"https:\/\/pacorivieraparis.com\/fr\/wp-json\/wp\/v2\/media\/3579"}],"wp:attachment":[{"href":"https:\/\/pacorivieraparis.com\/fr\/wp-json\/wp\/v2\/media?parent=3700"}],"wp:term":[{"taxonomy":"product_brand","embeddable":true,"href":"https:\/\/pacorivieraparis.com\/fr\/wp-json\/wp\/v2\/product_brand?post=3700"},{"taxonomy":"product_cat","embeddable":true,"href":"https:\/\/pacorivieraparis.com\/fr\/wp-json\/wp\/v2\/product_cat?post=3700"},{"taxonomy":"product_tag","embeddable":true,"href":"https:\/\/pacorivieraparis.com\/fr\/wp-json\/wp\/v2\/product_tag?post=3700"}],"curies":[{"name":"wp","href":"https:\/\/api.w.org\/{rel}","templated":true}]}}