{"id":4154,"date":"2022-08-29T19:12:03","date_gmt":"2022-08-29T19:12:03","guid":{"rendered":"https:\/\/pacorivieraparis.com\/%d8%a7%d8%ad%d9%83%d8%a7%d9%85-%d9%88-%d8%b4%d8%b1%d9%88%d8%b7-%d8%a7%d9%84%d8%aa%d8%b3%d9%88%d9%8a%d9%82-%d8%a8%d8%a7%d9%84%d8%b9%d9%85%d9%88%d9%84%d8%a9\/"},"modified":"2022-12-27T09:51:38","modified_gmt":"2022-12-27T09:51:38","slug":"termes-et-conditions-du-marketing-daffiliation","status":"publish","type":"page","link":"https:\/\/pacorivieraparis.com\/fr\/termes-et-conditions-du-marketing-daffiliation\/","title":{"rendered":"Termes et conditions du marketing d&#8217;affiliation"},"content":{"rendered":"\t\t<div data-elementor-type=\"wp-page\" data-elementor-id=\"4154\" class=\"elementor elementor-4154 elementor-4140\">\n\t\t\t\t\t\t<section class=\"elementor-section elementor-top-section elementor-element elementor-element-b2152d5 elementor-section-boxed elementor-section-height-default elementor-section-height-default\" data-id=\"b2152d5\" data-element_type=\"section\">\n\t\t\t\t\t\t<div class=\"elementor-container elementor-column-gap-default\">\n\t\t\t\t\t<div class=\"elementor-column elementor-col-100 elementor-top-column elementor-element elementor-element-8adc9f3\" data-id=\"8adc9f3\" data-element_type=\"column\">\n\t\t\t<div class=\"elementor-widget-wrap elementor-element-populated\">\n\t\t\t\t\t\t<div class=\"elementor-element elementor-element-c8a5e22 elementor-widget elementor-widget-text-editor\" data-id=\"c8a5e22\" data-element_type=\"widget\" data-widget_type=\"text-editor.default\">\n\t\t\t\t<div class=\"elementor-widget-container\">\n\t\t\t\t\t\t\t\t\t<ul><li>Dur\u00e9e du cookie :<\/li><\/ul><p>30 Jours (mois)<\/p><ul><li>Termes et conditions:<\/li><\/ul><p>La commission est vers\u00e9e pour chaque vente conclue, qui est calcul\u00e9e \u00e0 la fin du mois et livr\u00e9e en esp\u00e8ces par mandat-poste ou en main propre.<\/p><ul><li>Commission pour la transaction d&#8217;achat:<\/li><\/ul><p>Il s&#8217;agit d&#8217;un pourcentage que l&#8217;affili\u00e9 re\u00e7oit de la valeur de la transaction d&#8217;achat, et sa valeur financi\u00e8re est d\u00e9termin\u00e9e en fonction de la valeur de la transaction d&#8217;achat.<br \/>Exemple: un client qui a achet\u00e9 un produit avec une transaction d&#8217;achat de 10 000 DZD sans calculer le prix de livraison s&#8217;est vu attribuer une commission d&#8217;affiliation de 10% de la valeur de la transaction d&#8217;achat.<br \/>L&#8217;affili\u00e9 recevra une commission de 1000 DZD sur la transaction d&#8217;achat.<\/p>\t\t\t\t\t\t\t\t<\/div>\n\t\t\t\t<\/div>\n\t\t\t\t\t<\/div>\n\t\t<\/div>\n\t\t\t\t\t<\/div>\n\t\t<\/section>\n\t\t\t\t<section class=\"elementor-section elementor-top-section elementor-element elementor-element-9f18c60 elementor-section-boxed elementor-section-height-default elementor-section-height-default\" data-id=\"9f18c60\" data-element_type=\"section\">\n\t\t\t\t\t\t<div class=\"elementor-container elementor-column-gap-default\">\n\t\t\t\t\t<div class=\"elementor-column elementor-col-100 elementor-top-column elementor-element elementor-element-89434bb\" data-id=\"89434bb\" data-element_type=\"column\">\n\t\t\t<div class=\"elementor-widget-wrap elementor-element-populated\">\n\t\t\t\t\t\t<div class=\"elementor-element elementor-element-f5bed38 elementor-widget elementor-widget-spacer\" data-id=\"f5bed38\" data-element_type=\"widget\" data-widget_type=\"spacer.default\">\n\t\t\t\t<div class=\"elementor-widget-container\">\n\t\t\t\t\t\t\t<div class=\"elementor-spacer\">\n\t\t\t<div class=\"elementor-spacer-inner\"><\/div>\n\t\t<\/div>\n\t\t\t\t\t\t<\/div>\n\t\t\t\t<\/div>\n\t\t\t\t\t<\/div>\n\t\t<\/div>\n\t\t\t\t\t<\/div>\n\t\t<\/section>\n\t\t\t\t<\/div>\n\t\t","protected":false},"excerpt":{"rendered":"<p>Dur\u00e9e du cookie : 30 Jours (mois) Termes et conditions: La commission est vers\u00e9e pour chaque vente conclue, qui est calcul\u00e9e \u00e0 la fin du mois et livr\u00e9e en esp\u00e8ces par mandat-poste ou en main propre. Commission pour la transaction d&#8217;achat: Il s&#8217;agit d&#8217;un pourcentage que l&#8217;affili\u00e9 re\u00e7oit de la valeur de la transaction d&#8217;achat, &hellip; <br \/><a href=\"https:\/\/pacorivieraparis.com\/fr\/termes-et-conditions-du-marketing-daffiliation\/\" class=\"more-link\">Continue reading <span class=\"screen-reader-text\">Termes et conditions du marketing d&#8217;affiliation<\/span><\/a><\/p>\n","protected":false},"author":1,"featured_media":0,"parent":0,"menu_order":0,"comment_status":"closed","ping_status":"closed","template":"","meta":{"footnotes":""},"class_list":["post-4154","page","type-page","status-publish","hentry"],"_hostinger_reach_plugin_has_subscription_block":false,"_hostinger_reach_plugin_is_elementor":false,"_links":{"self":[{"href":"https:\/\/pacorivieraparis.com\/fr\/wp-json\/wp\/v2\/pages\/4154","targetHints":{"allow":["GET"]}}],"collection":[{"href":"https:\/\/pacorivieraparis.com\/fr\/wp-json\/wp\/v2\/pages"}],"about":[{"href":"https:\/\/pacorivieraparis.com\/fr\/wp-json\/wp\/v2\/types\/page"}],"author":[{"embeddable":true,"href":"https:\/\/pacorivieraparis.com\/fr\/wp-json\/wp\/v2\/users\/1"}],"replies":[{"embeddable":true,"href":"https:\/\/pacorivieraparis.com\/fr\/wp-json\/wp\/v2\/comments?post=4154"}],"version-history":[{"count":1,"href":"https:\/\/pacorivieraparis.com\/fr\/wp-json\/wp\/v2\/pages\/4154\/revisions"}],"predecessor-version":[{"id":4860,"href":"https:\/\/pacorivieraparis.com\/fr\/wp-json\/wp\/v2\/pages\/4154\/revisions\/4860"}],"wp:attachment":[{"href":"https:\/\/pacorivieraparis.com\/fr\/wp-json\/wp\/v2\/media?parent=4154"}],"curies":[{"name":"wp","href":"https:\/\/api.w.org\/{rel}","templated":true}]}}