{"id":4003,"date":"2022-08-23T01:01:03","date_gmt":"2022-08-23T01:01:03","guid":{"rendered":"https:\/\/pacorivieraparis.com\/%d8%aa%d8%b3%d9%88%d9%8a%d9%82-%d8%a8%d8%a7%d9%84%d8%b9%d9%85%d9%88%d9%84%d8%a9\/"},"modified":"2022-12-27T09:51:01","modified_gmt":"2022-12-27T09:51:01","slug":"marketing-daffiliation","status":"publish","type":"page","link":"https:\/\/pacorivieraparis.com\/fr\/marketing-daffiliation\/","title":{"rendered":"Marketing d&#8217;affiliation"},"content":{"rendered":"\t\t<div data-elementor-type=\"wp-page\" data-elementor-id=\"4003\" class=\"elementor elementor-4003 elementor-3945\">\n\t\t\t\t\t\t<section class=\"elementor-section elementor-top-section elementor-element elementor-element-b06d05c elementor-section-boxed elementor-section-height-default elementor-section-height-default\" data-id=\"b06d05c\" data-element_type=\"section\">\n\t\t\t\t\t\t<div class=\"elementor-container elementor-column-gap-default\">\n\t\t\t\t\t<div class=\"elementor-column elementor-col-100 elementor-top-column elementor-element elementor-element-298c322\" data-id=\"298c322\" data-element_type=\"column\">\n\t\t\t<div class=\"elementor-widget-wrap elementor-element-populated\">\n\t\t\t\t\t\t<div class=\"elementor-element elementor-element-17c470c elementor-widget elementor-widget-text-editor\" data-id=\"17c470c\" data-element_type=\"widget\" data-widget_type=\"text-editor.default\">\n\t\t\t\t<div class=\"elementor-widget-container\">\n\t\t\t\t\t\t\t\t\tRejoignez le programme de marketing d\u2019affiliation et gagnez un revenu suppl\u00e9mentaire\n\t\t\t\t\t\t\t\t<\/div>\n\t\t\t\t<\/div>\n\t\t\t\t<div class=\"elementor-element elementor-element-2893bbb elementor-widget elementor-widget-text-editor\" data-id=\"2893bbb\" data-element_type=\"widget\" data-widget_type=\"text-editor.default\">\n\t\t\t\t<div class=\"elementor-widget-container\">\n\t\t\t\t\t\t\t\t\tObtenez une situation gagnant-gagnant en \nrejoignant notre programme d\u2019affiliation\n<br>\nGagnez une commission sur toutes les ventes en r\u00e9f\u00e9rant des clients \u00e0 notre magasin\t\t\t\t\t\t\t\t<\/div>\n\t\t\t\t<\/div>\n\t\t\t\t\t<\/div>\n\t\t<\/div>\n\t\t\t\t\t<\/div>\n\t\t<\/section>\n\t\t\t\t<section class=\"elementor-section elementor-top-section elementor-element elementor-element-518cea0 elementor-section-boxed elementor-section-height-default elementor-section-height-default\" data-id=\"518cea0\" data-element_type=\"section\">\n\t\t\t\t\t\t<div class=\"elementor-container elementor-column-gap-default\">\n\t\t\t\t\t<div class=\"elementor-column elementor-col-100 elementor-top-column elementor-element elementor-element-b84f4ec\" data-id=\"b84f4ec\" data-element_type=\"column\">\n\t\t\t<div class=\"elementor-widget-wrap elementor-element-populated\">\n\t\t\t\t\t\t<div class=\"elementor-element elementor-element-a33ab29 elementor-widget elementor-widget-text-editor\" data-id=\"a33ab29\" data-element_type=\"widget\" data-widget_type=\"text-editor.default\">\n\t\t\t\t<div class=\"elementor-widget-container\">\n\t\t\t\t\t\t\t\t\tComment fonctionne le programme ?\n\t\t\t\t\t\t\t\t<\/div>\n\t\t\t\t<\/div>\n\t\t\t\t<section class=\"elementor-section elementor-inner-section elementor-element elementor-element-6c5ec4f elementor-section-boxed elementor-section-height-default elementor-section-height-default\" data-id=\"6c5ec4f\" data-element_type=\"section\">\n\t\t\t\t\t\t<div class=\"elementor-container elementor-column-gap-default\">\n\t\t\t\t\t<div class=\"elementor-column elementor-col-20 elementor-inner-column elementor-element elementor-element-8d8f050\" data-id=\"8d8f050\" data-element_type=\"column\">\n\t\t\t<div class=\"elementor-widget-wrap elementor-element-populated\">\n\t\t\t\t\t\t<div class=\"elementor-element elementor-element-c1f4618 elementor-widget elementor-widget-image\" data-id=\"c1f4618\" data-element_type=\"widget\" data-widget_type=\"image.default\">\n\t\t\t\t<div class=\"elementor-widget-container\">\n\t\t\t\t\t\t\t\t\t\t\t\t\t\t\t<img decoding=\"async\" width=\"128\" height=\"128\" src=\"https:\/\/pacorivieraparis.com\/vaftelre\/2022\/08\/form-2.webp\" class=\"attachment-large size-large wp-image-3955\" alt=\"\" \/>\t\t\t\t\t\t\t\t\t\t\t\t\t\t\t<\/div>\n\t\t\t\t<\/div>\n\t\t\t\t<div class=\"elementor-element elementor-element-cc0da38 elementor-widget elementor-widget-text-editor\" data-id=\"cc0da38\" data-element_type=\"widget\" data-widget_type=\"text-editor.default\">\n\t\t\t\t<div class=\"elementor-widget-container\">\n\t\t\t\t\t\t\t\t\t1.Enregistrez un compte gratuitement\n\t\t\t\t\t\t\t\t<\/div>\n\t\t\t\t<\/div>\n\t\t\t\t<div class=\"elementor-element elementor-element-d86582a elementor-widget elementor-widget-text-editor\" data-id=\"d86582a\" data-element_type=\"widget\" data-widget_type=\"text-editor.default\">\n\t\t\t\t<div class=\"elementor-widget-container\">\n\t\t\t\t\t\t\t\t\tProcessus d\u2019inscription simple et facile, postulez d\u00e8s maintenant pour rejoindre le programme d\u2019affiliation.\n\n\t\t\t\t\t\t\t\t<\/div>\n\t\t\t\t<\/div>\n\t\t\t\t\t<\/div>\n\t\t<\/div>\n\t\t\t\t<div class=\"elementor-column elementor-col-20 elementor-inner-column elementor-element elementor-element-50f1943\" data-id=\"50f1943\" data-element_type=\"column\">\n\t\t\t<div class=\"elementor-widget-wrap elementor-element-populated\">\n\t\t\t\t\t\t<div class=\"elementor-element elementor-element-7a64303 elementor-widget elementor-widget-image\" data-id=\"7a64303\" data-element_type=\"widget\" data-widget_type=\"image.default\">\n\t\t\t\t<div class=\"elementor-widget-container\">\n\t\t\t\t\t\t\t\t\t\t\t\t\t\t\t<img decoding=\"async\" width=\"150\" height=\"150\" src=\"https:\/\/pacorivieraparis.com\/vaftelre\/2022\/08\/01-150x150-1.webp\" class=\"attachment-large size-large wp-image-3949\" alt=\"\" \/>\t\t\t\t\t\t\t\t\t\t\t\t\t\t\t<\/div>\n\t\t\t\t<\/div>\n\t\t\t\t<div class=\"elementor-element elementor-element-e63ad59 elementor-widget elementor-widget-text-editor\" data-id=\"e63ad59\" data-element_type=\"widget\" data-widget_type=\"text-editor.default\">\n\t\t\t\t<div class=\"elementor-widget-container\">\n\t\t\t\t\t\t\t\t\t2. Commencez \u00e0 promouvoir\n\t\t\t\t\t\t\t\t<\/div>\n\t\t\t\t<\/div>\n\t\t\t\t<div class=\"elementor-element elementor-element-88c6e42 elementor-widget elementor-widget-text-editor\" data-id=\"88c6e42\" data-element_type=\"widget\" data-widget_type=\"text-editor.default\">\n\t\t\t\t<div class=\"elementor-widget-container\">\n\t\t\t\t\t\t\t\t\tChoisissez vos produits gagnants parmi les produits populaires et distinctifs, et commencez \u00e0 les commercialiser en \u00e9crivant un article sur votre blog ou en partageant nos produits sur vos r\u00e9seaux sociaux.\n\n\t\t\t\t\t\t\t\t<\/div>\n\t\t\t\t<\/div>\n\t\t\t\t\t<\/div>\n\t\t<\/div>\n\t\t\t\t<div class=\"elementor-column elementor-col-20 elementor-inner-column elementor-element elementor-element-d9591d6\" data-id=\"d9591d6\" data-element_type=\"column\">\n\t\t\t<div class=\"elementor-widget-wrap elementor-element-populated\">\n\t\t\t\t\t\t<div class=\"elementor-element elementor-element-fbaa4a3 elementor-widget elementor-widget-image\" data-id=\"fbaa4a3\" data-element_type=\"widget\" data-widget_type=\"image.default\">\n\t\t\t\t<div class=\"elementor-widget-container\">\n\t\t\t\t\t\t\t\t\t\t\t\t\t\t\t<img decoding=\"async\" width=\"150\" height=\"150\" src=\"https:\/\/pacorivieraparis.com\/vaftelre\/2022\/08\/04-150x150-1.png\" class=\"attachment-large size-large wp-image-3951\" alt=\"\" \/>\t\t\t\t\t\t\t\t\t\t\t\t\t\t\t<\/div>\n\t\t\t\t<\/div>\n\t\t\t\t<div class=\"elementor-element elementor-element-dc7fa5f elementor-widget elementor-widget-text-editor\" data-id=\"dc7fa5f\" data-element_type=\"widget\" data-widget_type=\"text-editor.default\">\n\t\t\t\t<div class=\"elementor-widget-container\">\n\t\t\t\t\t\t\t\t\t3. Suivez vos gains\n\t\t\t\t\t\t\t\t<\/div>\n\t\t\t\t<\/div>\n\t\t\t\t<div class=\"elementor-element elementor-element-790cd2b elementor-widget elementor-widget-text-editor\" data-id=\"790cd2b\" data-element_type=\"widget\" data-widget_type=\"text-editor.default\">\n\t\t\t\t<div class=\"elementor-widget-container\">\n\t\t\t\t\t\t\t\t\tGr\u00e2ce \u00e0 votre compte dans le programme de marketing d\u2019affiliation, vous pouvez suivre tous les rapports et r\u00e9sultats de vos campagnes marketing et profiter de la croissance de vos b\u00e9n\u00e9fices jour apr\u00e8s jour.\n\n\t\t\t\t\t\t\t\t<\/div>\n\t\t\t\t<\/div>\n\t\t\t\t\t<\/div>\n\t\t<\/div>\n\t\t\t\t<div class=\"elementor-column elementor-col-20 elementor-inner-column elementor-element elementor-element-afe4e00\" data-id=\"afe4e00\" data-element_type=\"column\">\n\t\t\t<div class=\"elementor-widget-wrap elementor-element-populated\">\n\t\t\t\t\t\t<div class=\"elementor-element elementor-element-d35a2ea elementor-widget elementor-widget-image\" data-id=\"d35a2ea\" data-element_type=\"widget\" data-widget_type=\"image.default\">\n\t\t\t\t<div class=\"elementor-widget-container\">\n\t\t\t\t\t\t\t\t\t\t\t\t\t\t\t<img loading=\"lazy\" decoding=\"async\" width=\"150\" height=\"150\" src=\"https:\/\/pacorivieraparis.com\/vaftelre\/2022\/08\/05-150x150-1.webp\" class=\"attachment-large size-large wp-image-3953\" alt=\"\" \/>\t\t\t\t\t\t\t\t\t\t\t\t\t\t\t<\/div>\n\t\t\t\t<\/div>\n\t\t\t\t<div class=\"elementor-element elementor-element-3c3d948 elementor-widget elementor-widget-text-editor\" data-id=\"3c3d948\" data-element_type=\"widget\" data-widget_type=\"text-editor.default\">\n\t\t\t\t<div class=\"elementor-widget-container\">\n\t\t\t\t\t\t\t\t\t4. Gagner\n\t\t\t\t\t\t\t\t<\/div>\n\t\t\t\t<\/div>\n\t\t\t\t<div class=\"elementor-element elementor-element-81c54ed elementor-widget elementor-widget-text-editor\" data-id=\"81c54ed\" data-element_type=\"widget\" data-widget_type=\"text-editor.default\">\n\t\t\t\t<div class=\"elementor-widget-container\">\n\t\t\t\t\t\t\t\t\tCommission pour la transaction d&#8217;achat:<br>\nIl s&#8217;agit d&#8217;un pourcentage<span style= \"color:#007e0a;\">7%<\/span> re\u00e7u par l&#8217;affili\u00e9 de la valeur de la transaction d&#8217;achat, et sa valeur financi\u00e8re est d\u00e9termin\u00e9e en fonction de la valeur de la transaction d&#8217;achat.<br>\nExemple: un client a achet\u00e9 un produit avec une transaction d&#8217;achat de <span style=\"color: #007e0a;\">10000 DZD<\/span> et s&#8217;est vu attribuer une commission d&#8217;affiliation de <span style=\"color:#007e0a;\">7%<\/span> de la valeur de la transaction d&#8217;achat.<br>\nL&#8217;affili\u00e9 recevra une commission <span style= \"color:#007e0a;\">700 DZD<\/span> de la transaction d&#8217;achat.\t\t\t\t\t\t\t\t<\/div>\n\t\t\t\t<\/div>\n\t\t\t\t\t<\/div>\n\t\t<\/div>\n\t\t\t\t<div class=\"elementor-column elementor-col-20 elementor-inner-column elementor-element elementor-element-e32d5b4\" data-id=\"e32d5b4\" data-element_type=\"column\">\n\t\t\t<div class=\"elementor-widget-wrap elementor-element-populated\">\n\t\t\t\t\t\t<div class=\"elementor-element elementor-element-1a3919e elementor-widget elementor-widget-image\" data-id=\"1a3919e\" data-element_type=\"widget\" data-widget_type=\"image.default\">\n\t\t\t\t<div class=\"elementor-widget-container\">\n\t\t\t\t\t\t\t\t\t\t\t\t\t\t\t<img loading=\"lazy\" decoding=\"async\" width=\"128\" height=\"128\" src=\"https:\/\/pacorivieraparis.com\/vaftelre\/2022\/08\/terms-2.webp\" class=\"attachment-full size-full wp-image-3957\" alt=\"\" \/>\t\t\t\t\t\t\t\t\t\t\t\t\t\t\t<\/div>\n\t\t\t\t<\/div>\n\t\t\t\t<div class=\"elementor-element elementor-element-4c6fa56 elementor-widget elementor-widget-text-editor\" data-id=\"4c6fa56\" data-element_type=\"widget\" data-widget_type=\"text-editor.default\">\n\t\t\t\t<div class=\"elementor-widget-container\">\n\t\t\t\t\t\t\t\t\t5.Termes et Conditions\n\t\t\t\t\t\t\t\t<\/div>\n\t\t\t\t<\/div>\n\t\t\t\t<div class=\"elementor-element elementor-element-835b6ba elementor-widget elementor-widget-text-editor\" data-id=\"835b6ba\" data-element_type=\"widget\" data-widget_type=\"text-editor.default\">\n\t\t\t\t<div class=\"elementor-widget-container\">\n\t\t\t\t\t\t\t\t\tLa commission est pay\u00e9e pour toutes les ventes termin\u00e9es, qui est calcul\u00e9e \u00e0 la fin du mois si la collection de commissions atteint <span style=\"color: #007e0a;\">5000 DZD<\/span> et plus.\t\t\t\t\t\t\t\t<\/div>\n\t\t\t\t<\/div>\n\t\t\t\t\t<\/div>\n\t\t<\/div>\n\t\t\t\t\t<\/div>\n\t\t<\/section>\n\t\t\t\t\t<\/div>\n\t\t<\/div>\n\t\t\t\t\t<\/div>\n\t\t<\/section>\n\t\t\t\t<section class=\"elementor-section elementor-top-section elementor-element elementor-element-bc71a3e elementor-section-full_width elementor-section-stretched elementor-section-height-default elementor-section-height-default\" data-id=\"bc71a3e\" data-element_type=\"section\" data-settings=\"{&quot;stretch_section&quot;:&quot;section-stretched&quot;}\">\n\t\t\t\t\t\t<div class=\"elementor-container elementor-column-gap-default\">\n\t\t\t\t\t<div class=\"elementor-column elementor-col-100 elementor-top-column elementor-element elementor-element-a5f4071\" data-id=\"a5f4071\" data-element_type=\"column\">\n\t\t\t<div class=\"elementor-widget-wrap elementor-element-populated\">\n\t\t\t\t\t\t<div class=\"elementor-element elementor-element-ba617b0 elementor-widget elementor-widget-spacer\" data-id=\"ba617b0\" data-element_type=\"widget\" data-widget_type=\"spacer.default\">\n\t\t\t\t<div class=\"elementor-widget-container\">\n\t\t\t\t\t\t\t<div class=\"elementor-spacer\">\n\t\t\t<div class=\"elementor-spacer-inner\"><\/div>\n\t\t<\/div>\n\t\t\t\t\t\t<\/div>\n\t\t\t\t<\/div>\n\t\t\t\t<div class=\"elementor-element elementor-element-0c5a122 elementor-widget elementor-widget-text-editor\" data-id=\"0c5a122\" data-element_type=\"widget\" data-widget_type=\"text-editor.default\">\n\t\t\t\t<div class=\"elementor-widget-container\">\n\t\t\t\t\t\t\t\t\tPour rejoindre le programme de marketing d&#8217;affiliation, soumettez votre candidature\t\t\t\t\t\t\t\t<\/div>\n\t\t\t\t<\/div>\n\t\t\t\t<div class=\"elementor-element elementor-element-c11836d elementor-widget elementor-widget-text-editor\" data-id=\"c11836d\" data-element_type=\"widget\" data-widget_type=\"text-editor.default\">\n\t\t\t\t<div class=\"elementor-widget-container\">\n\t\t\t\t\t\t\t\t\tApr\u00e8s avoir entr\u00e9 et soumis la demande, vous recevrez un e-mail pour accepter l&#8217;adh\u00e9sion\t\t\t\t\t\t\t\t<\/div>\n\t\t\t\t<\/div>\n\t\t\t\t<div class=\"elementor-element elementor-element-f30b89a elementor-widget elementor-widget-eael-creative-button\" data-id=\"f30b89a\" data-element_type=\"widget\" data-widget_type=\"eael-creative-button.default\">\n\t\t\t\t<div class=\"elementor-widget-container\">\n\t\t\t\t\t        <div class=\"eael-creative-button-wrapper\">\n\n            <a class=\"eael-creative-button eael-creative-button--default\" href=\"\/affiliate-dashboard\/\" data-text=\"Go!\">\n            \t    \n                <div class=\"creative-button-inner\">\n\n                    \n                    <span class=\"cretive-button-text\">S'inscrire au marketing<\/span>\n\n                                    <\/div>\n\t                        <\/a>\n        <\/div>\n        \t\t\t\t<\/div>\n\t\t\t\t<\/div>\n\t\t\t\t<div class=\"elementor-element elementor-element-b2e9dd5 elementor-widget elementor-widget-spacer\" data-id=\"b2e9dd5\" data-element_type=\"widget\" data-widget_type=\"spacer.default\">\n\t\t\t\t<div class=\"elementor-widget-container\">\n\t\t\t\t\t\t\t<div class=\"elementor-spacer\">\n\t\t\t<div class=\"elementor-spacer-inner\"><\/div>\n\t\t<\/div>\n\t\t\t\t\t\t<\/div>\n\t\t\t\t<\/div>\n\t\t\t\t\t<\/div>\n\t\t<\/div>\n\t\t\t\t\t<\/div>\n\t\t<\/section>\n\t\t\t\t<section class=\"elementor-section elementor-top-section elementor-element elementor-element-d1745b3 elementor-section-boxed elementor-section-height-default elementor-section-height-default\" data-id=\"d1745b3\" data-element_type=\"section\">\n\t\t\t\t\t\t<div class=\"elementor-container elementor-column-gap-default\">\n\t\t\t\t\t<div class=\"elementor-column elementor-col-100 elementor-top-column elementor-element elementor-element-6c6548b\" data-id=\"6c6548b\" data-element_type=\"column\">\n\t\t\t<div class=\"elementor-widget-wrap elementor-element-populated\">\n\t\t\t\t\t\t<div class=\"elementor-element elementor-element-cdf1345 elementor-widget elementor-widget-spacer\" data-id=\"cdf1345\" data-element_type=\"widget\" data-widget_type=\"spacer.default\">\n\t\t\t\t<div class=\"elementor-widget-container\">\n\t\t\t\t\t\t\t<div class=\"elementor-spacer\">\n\t\t\t<div class=\"elementor-spacer-inner\"><\/div>\n\t\t<\/div>\n\t\t\t\t\t\t<\/div>\n\t\t\t\t<\/div>\n\t\t\t\t\t<\/div>\n\t\t<\/div>\n\t\t\t\t\t<\/div>\n\t\t<\/section>\n\t\t\t\t<\/div>\n\t\t","protected":false},"excerpt":{"rendered":"<p>Rejoignez le programme de marketing d\u2019affiliation et gagnez un revenu suppl\u00e9mentaire Obtenez une situation gagnant-gagnant en rejoignant notre programme d\u2019affiliation Gagnez une commission sur toutes les ventes en r\u00e9f\u00e9rant des clients \u00e0 notre magasinComment fonctionne le programme ? 1.Enregistrez un compte gratuitement Processus d\u2019inscription simple et facile, postulez d\u00e8s maintenant pour rejoindre le programme d\u2019affiliation. &hellip; <br \/><a href=\"https:\/\/pacorivieraparis.com\/fr\/marketing-daffiliation\/\" class=\"more-link\">Continue reading <span class=\"screen-reader-text\">Marketing d&#8217;affiliation<\/span><\/a><\/p>\n","protected":false},"author":1,"featured_media":0,"parent":0,"menu_order":0,"comment_status":"closed","ping_status":"closed","template":"","meta":{"footnotes":""},"class_list":["post-4003","page","type-page","status-publish","hentry"],"_hostinger_reach_plugin_has_subscription_block":false,"_hostinger_reach_plugin_is_elementor":false,"_links":{"self":[{"href":"https:\/\/pacorivieraparis.com\/fr\/wp-json\/wp\/v2\/pages\/4003","targetHints":{"allow":["GET"]}}],"collection":[{"href":"https:\/\/pacorivieraparis.com\/fr\/wp-json\/wp\/v2\/pages"}],"about":[{"href":"https:\/\/pacorivieraparis.com\/fr\/wp-json\/wp\/v2\/types\/page"}],"author":[{"embeddable":true,"href":"https:\/\/pacorivieraparis.com\/fr\/wp-json\/wp\/v2\/users\/1"}],"replies":[{"embeddable":true,"href":"https:\/\/pacorivieraparis.com\/fr\/wp-json\/wp\/v2\/comments?post=4003"}],"version-history":[{"count":2,"href":"https:\/\/pacorivieraparis.com\/fr\/wp-json\/wp\/v2\/pages\/4003\/revisions"}],"predecessor-version":[{"id":4856,"href":"https:\/\/pacorivieraparis.com\/fr\/wp-json\/wp\/v2\/pages\/4003\/revisions\/4856"}],"wp:attachment":[{"href":"https:\/\/pacorivieraparis.com\/fr\/wp-json\/wp\/v2\/media?parent=4003"}],"curies":[{"name":"wp","href":"https:\/\/api.w.org\/{rel}","templated":true}]}}