{"id":3625,"date":"2021-08-23T06:40:14","date_gmt":"2021-08-23T06:40:14","guid":{"rendered":"https:\/\/pacorivieraparis.com\/%d9%86%d8%a8%d8%b0%d8%a9-%d8%b9%d9%86%d8%a7\/"},"modified":"2022-12-27T09:51:32","modified_gmt":"2022-12-27T09:51:32","slug":"qui-sommes-nous","status":"publish","type":"page","link":"https:\/\/pacorivieraparis.com\/fr\/qui-sommes-nous\/","title":{"rendered":"Qui sommes-nous"},"content":{"rendered":"\t\t<div data-elementor-type=\"wp-page\" data-elementor-id=\"3625\" class=\"elementor elementor-3625 elementor-1140\">\n\t\t\t\t\t\t<section class=\"elementor-section elementor-top-section elementor-element elementor-element-5096442 elementor-section-content-middle elementor-section-stretched elementor-section-boxed elementor-section-height-default elementor-section-height-default\" data-id=\"5096442\" data-element_type=\"section\" data-settings=\"{&quot;stretch_section&quot;:&quot;section-stretched&quot;}\">\n\t\t\t\t\t\t<div class=\"elementor-container elementor-column-gap-extended\">\n\t\t\t\t\t<div class=\"elementor-column elementor-col-50 elementor-top-column elementor-element elementor-element-24cde42\" data-id=\"24cde42\" data-element_type=\"column\" data-settings=\"{&quot;background_background&quot;:&quot;classic&quot;}\">\n\t\t\t<div class=\"elementor-widget-wrap elementor-element-populated\">\n\t\t\t\t\t\t<div class=\"elementor-element elementor-element-41be4e9 elementor-widget elementor-widget-spacer\" data-id=\"41be4e9\" data-element_type=\"widget\" data-widget_type=\"spacer.default\">\n\t\t\t\t<div class=\"elementor-widget-container\">\n\t\t\t\t\t\t\t<div class=\"elementor-spacer\">\n\t\t\t<div class=\"elementor-spacer-inner\"><\/div>\n\t\t<\/div>\n\t\t\t\t\t\t<\/div>\n\t\t\t\t<\/div>\n\t\t\t\t\t<\/div>\n\t\t<\/div>\n\t\t\t\t<div class=\"elementor-column elementor-col-50 elementor-top-column elementor-element elementor-element-60773ce\" data-id=\"60773ce\" data-element_type=\"column\">\n\t\t\t<div class=\"elementor-widget-wrap elementor-element-populated\">\n\t\t\t\t\t\t<div class=\"elementor-element elementor-element-d8fc7c7 elementor-widget elementor-widget-heading\" data-id=\"d8fc7c7\" data-element_type=\"widget\" data-widget_type=\"heading.default\">\n\t\t\t\t<div class=\"elementor-widget-container\">\n\t\t\t\t\t<h4 class=\"elementor-heading-title elementor-size-default\">Le site de vente directe du producteur au consommateur via internet est 100% alg\u00e9rien, cr\u00e9\u00e9 en 2022<\/h4>\t\t\t\t<\/div>\n\t\t\t\t<\/div>\n\t\t\t\t<div class=\"elementor-element elementor-element-fcf1740 elementor-widget elementor-widget-text-editor\" data-id=\"fcf1740\" data-element_type=\"widget\" data-widget_type=\"text-editor.default\">\n\t\t\t\t<div class=\"elementor-widget-container\">\n\t\t\t\t\t\t\t\t\t<p>Nous sommes une soci\u00e9t\u00e9&nbsp;<strong>Paco Riviera Paris<\/strong>&nbsp;sp\u00e9cialis\u00e9e dans le d\u00e9veloppement, la production et la commercialisation de cosm\u00e9tiques et de parfums, nous commercialisons une large gamme de produits de soins capillaires et corporels \u00e0 travers notre propre marque.<br><\/p><p>Nous proposons \u00e0 nos clients (hommes, femmes et enfants) une large gamme de produits de diff\u00e9rentes marques, qui se d\u00e9veloppent progressivement pour convenir \u00e0 tous les budgets.<\/p>\t\t\t\t\t\t\t\t<\/div>\n\t\t\t\t<\/div>\n\t\t\t\t<div class=\"elementor-element elementor-element-e58983e elementor-widget elementor-widget-text-editor\" data-id=\"e58983e\" data-element_type=\"widget\" data-widget_type=\"text-editor.default\">\n\t\t\t\t<div class=\"elementor-widget-container\">\n\t\t\t\t\t\t\t\t\t<p>Notre premier objectif est de faciliter la vie quotidienne de tous les Alg\u00e9riens en r\u00e9pondant \u00e0 leurs besoins o\u00f9 qu&#8217;ils soient: \u00e0 la maison ou au bureau, en utilisant des t\u00e9l\u00e9phones portables ou des ordinateurs. Que ce soit de jour comme de nuit, le client peut acc\u00e9der \u00e0 la boutique en ligne \u00e0 tout moment, sans se soucier de l&#8217;ouverture et de la fermeture du magasin, des embouteillages, de la recherche de parking &#8230; et tout cela en quelques clics! Fournir divers cosm\u00e9tiques et parfums de haute qualit\u00e9.<\/p>\t\t\t\t\t\t\t\t<\/div>\n\t\t\t\t<\/div>\n\t\t\t\t\t<\/div>\n\t\t<\/div>\n\t\t\t\t\t<\/div>\n\t\t<\/section>\n\t\t\t\t<section class=\"elementor-section elementor-top-section elementor-element elementor-element-ea51383 elementor-section-stretched elementor-section-boxed elementor-section-height-default elementor-section-height-default\" data-id=\"ea51383\" data-element_type=\"section\" data-settings=\"{&quot;stretch_section&quot;:&quot;section-stretched&quot;,&quot;background_background&quot;:&quot;classic&quot;}\">\n\t\t\t\t\t\t<div class=\"elementor-container elementor-column-gap-extended\">\n\t\t\t\t\t<div class=\"elementor-column elementor-col-33 elementor-top-column elementor-element elementor-element-836189b animated-fast elementor-invisible\" data-id=\"836189b\" data-element_type=\"column\" data-settings=\"{&quot;animation&quot;:&quot;fadeInUp&quot;}\">\n\t\t\t<div class=\"elementor-widget-wrap elementor-element-populated\">\n\t\t\t\t\t\t<div class=\"elementor-element elementor-element-52c84a2 elementor-widget elementor-widget-counter\" data-id=\"52c84a2\" data-element_type=\"widget\" data-widget_type=\"counter.default\">\n\t\t\t\t<div class=\"elementor-widget-container\">\n\t\t\t\t\t\t\t<div class=\"elementor-counter\">\n\t\t\t<div class=\"elementor-counter-title\">Vente le premier mois<\/div>\t\t\t<div class=\"elementor-counter-number-wrapper\">\n\t\t\t\t<span class=\"elementor-counter-number-prefix\"><\/span>\n\t\t\t\t<span class=\"elementor-counter-number\" data-duration=\"2000\" data-to-value=\"400\" data-from-value=\"0\" data-delimiter=\",\">0<\/span>\n\t\t\t\t<span class=\"elementor-counter-number-suffix\">+<\/span>\n\t\t\t<\/div>\n\t\t<\/div>\n\t\t\t\t\t\t<\/div>\n\t\t\t\t<\/div>\n\t\t\t\t\t<\/div>\n\t\t<\/div>\n\t\t\t\t<div class=\"elementor-column elementor-col-33 elementor-top-column elementor-element elementor-element-afbf862 animated-fast elementor-invisible\" data-id=\"afbf862\" data-element_type=\"column\" data-settings=\"{&quot;animation&quot;:&quot;fadeInUp&quot;,&quot;animation_delay&quot;:200}\">\n\t\t\t<div class=\"elementor-widget-wrap elementor-element-populated\">\n\t\t\t\t\t\t<div class=\"elementor-element elementor-element-b6946cc elementor-widget elementor-widget-counter\" data-id=\"b6946cc\" data-element_type=\"widget\" data-widget_type=\"counter.default\">\n\t\t\t\t<div class=\"elementor-widget-container\">\n\t\t\t\t\t\t\t<div class=\"elementor-counter\">\n\t\t\t<div class=\"elementor-counter-title\">Client qui nous a trait\u00e9s avec toute satisfaction<\/div>\t\t\t<div class=\"elementor-counter-number-wrapper\">\n\t\t\t\t<span class=\"elementor-counter-number-prefix\"><\/span>\n\t\t\t\t<span class=\"elementor-counter-number\" data-duration=\"2000\" data-to-value=\"20\" data-from-value=\"0\">0<\/span>\n\t\t\t\t<span class=\"elementor-counter-number-suffix\">k +<\/span>\n\t\t\t<\/div>\n\t\t<\/div>\n\t\t\t\t\t\t<\/div>\n\t\t\t\t<\/div>\n\t\t\t\t\t<\/div>\n\t\t<\/div>\n\t\t\t\t<div class=\"elementor-column elementor-col-33 elementor-top-column elementor-element elementor-element-01ba093 animated-fast elementor-invisible\" data-id=\"01ba093\" data-element_type=\"column\" data-settings=\"{&quot;animation&quot;:&quot;fadeInUp&quot;,&quot;animation_delay&quot;:300}\">\n\t\t\t<div class=\"elementor-widget-wrap elementor-element-populated\">\n\t\t\t\t\t\t<div class=\"elementor-element elementor-element-c61e041 elementor-widget elementor-widget-counter\" data-id=\"c61e041\" data-element_type=\"widget\" data-widget_type=\"counter.default\">\n\t\t\t\t<div class=\"elementor-widget-container\">\n\t\t\t\t\t\t\t<div class=\"elementor-counter\">\n\t\t\t<div class=\"elementor-counter-title\">Des clients servis dans toute l'Alg\u00e9rie<\/div>\t\t\t<div class=\"elementor-counter-number-wrapper\">\n\t\t\t\t<span class=\"elementor-counter-number-prefix\"><\/span>\n\t\t\t\t<span class=\"elementor-counter-number\" data-duration=\"2000\" data-to-value=\"5\" data-from-value=\"0\" data-delimiter=\",\">0<\/span>\n\t\t\t\t<span class=\"elementor-counter-number-suffix\">k +<\/span>\n\t\t\t<\/div>\n\t\t<\/div>\n\t\t\t\t\t\t<\/div>\n\t\t\t\t<\/div>\n\t\t\t\t\t<\/div>\n\t\t<\/div>\n\t\t\t\t\t<\/div>\n\t\t<\/section>\n\t\t\t\t<section class=\"elementor-section elementor-top-section elementor-element elementor-element-a1cf7e0 elementor-section-content-middle elementor-section-stretched elementor-section-boxed elementor-section-height-default elementor-section-height-default\" data-id=\"a1cf7e0\" data-element_type=\"section\" data-settings=\"{&quot;stretch_section&quot;:&quot;section-stretched&quot;}\">\n\t\t\t\t\t\t<div class=\"elementor-container elementor-column-gap-extended\">\n\t\t\t\t\t<div class=\"elementor-column elementor-col-50 elementor-top-column elementor-element elementor-element-5e5cc50\" data-id=\"5e5cc50\" data-element_type=\"column\" data-settings=\"{&quot;background_background&quot;:&quot;classic&quot;}\">\n\t\t\t<div class=\"elementor-widget-wrap elementor-element-populated\">\n\t\t\t\t\t\t<div class=\"elementor-element elementor-element-011260c elementor-widget elementor-widget-spacer\" data-id=\"011260c\" data-element_type=\"widget\" data-widget_type=\"spacer.default\">\n\t\t\t\t<div class=\"elementor-widget-container\">\n\t\t\t\t\t\t\t<div class=\"elementor-spacer\">\n\t\t\t<div class=\"elementor-spacer-inner\"><\/div>\n\t\t<\/div>\n\t\t\t\t\t\t<\/div>\n\t\t\t\t<\/div>\n\t\t\t\t\t<\/div>\n\t\t<\/div>\n\t\t\t\t<div class=\"elementor-column elementor-col-50 elementor-top-column elementor-element elementor-element-e3ec3ed\" data-id=\"e3ec3ed\" data-element_type=\"column\">\n\t\t\t<div class=\"elementor-widget-wrap elementor-element-populated\">\n\t\t\t\t\t\t<div class=\"elementor-element elementor-element-02ed785 animated-fast elementor-invisible elementor-widget elementor-widget-heading\" data-id=\"02ed785\" data-element_type=\"widget\" data-settings=\"{&quot;_animation&quot;:&quot;fadeInUp&quot;}\" data-widget_type=\"heading.default\">\n\t\t\t\t<div class=\"elementor-widget-container\">\n\t\t\t\t\t<h2 class=\"elementor-heading-title elementor-size-default\">Notre mission:<\/h2>\t\t\t\t<\/div>\n\t\t\t\t<\/div>\n\t\t\t\t<div class=\"elementor-element elementor-element-78315b3 animated-fast elementor-invisible elementor-widget elementor-widget-text-editor\" data-id=\"78315b3\" data-element_type=\"widget\" data-settings=\"{&quot;_animation&quot;:&quot;fadeInUp&quot;}\" data-widget_type=\"text-editor.default\">\n\t\t\t\t<div class=\"elementor-widget-container\">\n\t\t\t\t\t\t\t\t\t<div dir=\"auto\">\n\nNotre t\u00e2che principale est de vous proposer les meilleurs produits en fonction de votre budget.\u00a0 La qualit\u00e9 reste un facteur cl\u00e9 pour asseoir durablement notre position, confirmer notre r\u00e9putation et conqu\u00e9rir de nouveaux march\u00e9s.\nLes principaux objectifs de la politique qualit\u00e9 <strong>PACO RIVIERA PARIS<\/strong> s&#8217;articulent autour des axes suivants:\n<br>\n<br>\n\u2022 R\u00e9pondre ad\u00e9quatement aux exigences de nos clients am\u00e9liorer notre productivit\u00e9 et la qualit\u00e9 des produits offerts assurer la diversit\u00e9 et am\u00e9liorer nos comp\u00e9tences renforcer les relations de partenariat avec les fournisseurs de nos clients d\u00e9velopper de nouveaux produits tout en prot\u00e9geant la s\u00e9curit\u00e9 des autres et de notre environnement.\n<br>\n<br>\n\u2022 Afin d&#8217;atteindre ces objectifs, notre entreprise revoit constamment le processus de satisfaction de ses clients.\n<br>\n<br>\n\u2022 Nous valorisons la confiance, le travail d&#8217;\u00e9quipe, l&#8217;innovation, la qualit\u00e9, le prix, la R &amp; D et la performance industrielle.\n\nAvec <strong>PACO RIVIERA PARIS &#8221; Achetez en toute confiance!&#8221;<\/strong>, Nous offrons \u00e0 tous les Alg\u00e9riens une exp\u00e9rience d&#8217;achat en ligne exceptionnelle : des produits authentiques et garantis, des marques connues et un service hors pair.\n\n<\/div>\t\t\t\t\t\t\t\t<\/div>\n\t\t\t\t<\/div>\n\t\t\t\t<div class=\"elementor-element elementor-element-1eced53 btn-theme-overlay elementor-align-left elementor-invisible elementor-widget elementor-widget-button\" data-id=\"1eced53\" data-element_type=\"widget\" data-settings=\"{&quot;_animation&quot;:&quot;fadeInUp&quot;}\" data-widget_type=\"button.default\">\n\t\t\t\t<div class=\"elementor-widget-container\">\n\t\t\t\t\t\t\t\t\t<div class=\"elementor-button-wrapper\">\n\t\t\t\t\t<a class=\"elementor-button elementor-button-link elementor-size-sm\" href=\"\/\u0627\u0644\u0645\u062a\u062c\u0631\/\">\n\t\t\t\t\t\t<span class=\"elementor-button-content-wrapper\">\n\t\t\t\t\t\t\t\t\t<span class=\"elementor-button-text\">Parcourir la boutique<\/span>\n\t\t\t\t\t<\/span>\n\t\t\t\t\t<\/a>\n\t\t\t\t<\/div>\n\t\t\t\t\t\t\t\t<\/div>\n\t\t\t\t<\/div>\n\t\t\t\t\t<\/div>\n\t\t<\/div>\n\t\t\t\t\t<\/div>\n\t\t<\/section>\n\t\t\t\t<section class=\"elementor-section elementor-top-section elementor-element elementor-element-2925311 elementor-section-stretched elementor-section-boxed elementor-section-height-default elementor-section-height-default\" data-id=\"2925311\" data-element_type=\"section\" data-settings=\"{&quot;stretch_section&quot;:&quot;section-stretched&quot;,&quot;background_background&quot;:&quot;classic&quot;}\">\n\t\t\t\t\t\t<div class=\"elementor-container elementor-column-gap-extended\">\n\t\t\t\t\t<div class=\"elementor-column elementor-col-33 elementor-top-column elementor-element elementor-element-d377d39 animated-fast elementor-invisible\" data-id=\"d377d39\" data-element_type=\"column\" data-settings=\"{&quot;animation&quot;:&quot;fadeInUp&quot;}\">\n\t\t\t<div class=\"elementor-widget-wrap elementor-element-populated\">\n\t\t\t\t\t\t<div class=\"elementor-element elementor-element-f8907f3 elementor-position-top elementor-widget elementor-widget-image-box\" data-id=\"f8907f3\" data-element_type=\"widget\" data-widget_type=\"image-box.default\">\n\t\t\t\t<div class=\"elementor-widget-container\">\n\t\t\t\t\t<div class=\"elementor-image-box-wrapper\"><figure class=\"elementor-image-box-img\"><img decoding=\"async\" width=\"80\" height=\"80\" src=\"https:\/\/pacorivieraparis.com\/vaftelre\/2021\/08\/icon1.png\" class=\"attachment-full size-full wp-image-1163\" alt=\"\" \/><\/figure><div class=\"elementor-image-box-content\"><h3 class=\"elementor-image-box-title\">+47 000 clients satisfaits<\/h3><p class=\"elementor-image-box-description\">Notre premier objectif est de faciliter le quotidien de tous les Alg\u00e9riens en r\u00e9pondant \u00e0 leurs besoins o\u00f9 qu'ils soient<\/p><\/div><\/div>\t\t\t\t<\/div>\n\t\t\t\t<\/div>\n\t\t\t\t\t<\/div>\n\t\t<\/div>\n\t\t\t\t<div class=\"elementor-column elementor-col-33 elementor-top-column elementor-element elementor-element-7aba94b animated-fast elementor-invisible\" data-id=\"7aba94b\" data-element_type=\"column\" data-settings=\"{&quot;animation&quot;:&quot;fadeInUp&quot;,&quot;animation_delay&quot;:200}\">\n\t\t\t<div class=\"elementor-widget-wrap elementor-element-populated\">\n\t\t\t\t\t\t<div class=\"elementor-element elementor-element-a186619 elementor-position-top elementor-widget elementor-widget-image-box\" data-id=\"a186619\" data-element_type=\"widget\" data-widget_type=\"image-box.default\">\n\t\t\t\t<div class=\"elementor-widget-container\">\n\t\t\t\t\t<div class=\"elementor-image-box-wrapper\"><figure class=\"elementor-image-box-img\"><img decoding=\"async\" width=\"72\" height=\"80\" src=\"https:\/\/pacorivieraparis.com\/vaftelre\/2021\/08\/icon2.png\" class=\"attachment-full size-full wp-image-1162\" alt=\"\" \/><\/figure><div class=\"elementor-image-box-content\"><h3 class=\"elementor-image-box-title\">6  Marques<\/h3><p class=\"elementor-image-box-description\">Notre premier objectif est de faciliter le quotidien de tous les Alg\u00e9riens en r\u00e9pondant \u00e0 leurs besoins o\u00f9 qu'ils soient<\/p><\/div><\/div>\t\t\t\t<\/div>\n\t\t\t\t<\/div>\n\t\t\t\t\t<\/div>\n\t\t<\/div>\n\t\t\t\t<div class=\"elementor-column elementor-col-33 elementor-top-column elementor-element elementor-element-80fa9c6 animated-fast elementor-invisible\" data-id=\"80fa9c6\" data-element_type=\"column\" data-settings=\"{&quot;animation&quot;:&quot;fadeInUp&quot;,&quot;animation_delay&quot;:300}\">\n\t\t\t<div class=\"elementor-widget-wrap elementor-element-populated\">\n\t\t\t\t\t\t<div class=\"elementor-element elementor-element-0713b54 elementor-position-top elementor-widget elementor-widget-image-box\" data-id=\"0713b54\" data-element_type=\"widget\" data-widget_type=\"image-box.default\">\n\t\t\t\t<div class=\"elementor-widget-container\">\n\t\t\t\t\t<div class=\"elementor-image-box-wrapper\"><figure class=\"elementor-image-box-img\"><img decoding=\"async\" width=\"80\" height=\"80\" src=\"https:\/\/pacorivieraparis.com\/vaftelre\/2021\/08\/icon3.png\" class=\"attachment-full size-full wp-image-1161\" alt=\"\" \/><\/figure><div class=\"elementor-image-box-content\"><h3 class=\"elementor-image-box-title\">10 ans d'exp\u00e9rience<\/h3><p class=\"elementor-image-box-description\">Notre premier objectif est de faciliter le quotidien de tous les Alg\u00e9riens en r\u00e9pondant \u00e0 leurs besoins o\u00f9 qu'ils soient<\/p><\/div><\/div>\t\t\t\t<\/div>\n\t\t\t\t<\/div>\n\t\t\t\t\t<\/div>\n\t\t<\/div>\n\t\t\t\t\t<\/div>\n\t\t<\/section>\n\t\t\t\t<section class=\"elementor-section elementor-top-section elementor-element elementor-element-1900fa6 elementor-section-stretched elementor-section-boxed elementor-section-height-default elementor-section-height-default\" data-id=\"1900fa6\" data-element_type=\"section\" data-settings=\"{&quot;stretch_section&quot;:&quot;section-stretched&quot;}\">\n\t\t\t\t\t\t<div class=\"elementor-container elementor-column-gap-extended\">\n\t\t\t\t\t<div class=\"elementor-column elementor-col-100 elementor-top-column elementor-element elementor-element-f86ecb5\" data-id=\"f86ecb5\" data-element_type=\"column\">\n\t\t\t<div class=\"elementor-widget-wrap elementor-element-populated\">\n\t\t\t\t\t\t<div class=\"elementor-element elementor-element-eae6ce1 elementor-invisible elementor-widget elementor-widget-heading\" data-id=\"eae6ce1\" data-element_type=\"widget\" data-settings=\"{&quot;_animation&quot;:&quot;fadeInUp&quot;}\" data-widget_type=\"heading.default\">\n\t\t\t\t<div class=\"elementor-widget-container\">\n\t\t\t\t\t<h2 class=\"elementor-heading-title elementor-size-default\">Votre beaut\u00e9 est notre soin<\/h2>\t\t\t\t<\/div>\n\t\t\t\t<\/div>\n\t\t\t\t<section class=\"elementor-section elementor-inner-section elementor-element elementor-element-8964d73 elementor-section-full_width elementor-section-height-default elementor-section-height-default elementor-invisible\" data-id=\"8964d73\" data-element_type=\"section\" data-settings=\"{&quot;animation&quot;:&quot;fadeInUp&quot;}\">\n\t\t\t\t\t\t<div class=\"elementor-container elementor-column-gap-no\">\n\t\t\t\t\t<div class=\"elementor-column elementor-col-33 elementor-inner-column elementor-element elementor-element-50bc166\" data-id=\"50bc166\" data-element_type=\"column\">\n\t\t\t<div class=\"elementor-widget-wrap elementor-element-populated\">\n\t\t\t\t\t\t<div class=\"elementor-element elementor-element-834620b elementor-position-top elementor-widget elementor-widget-image-box\" data-id=\"834620b\" data-element_type=\"widget\" data-widget_type=\"image-box.default\">\n\t\t\t\t<div class=\"elementor-widget-container\">\n\t\t\t\t\t<div class=\"elementor-image-box-wrapper\"><figure class=\"elementor-image-box-img\"><a href=\"https:\/\/pacorivieraparis.com\/fr\/categorie-produit\/parfums\/\" tabindex=\"-1\"><img loading=\"lazy\" decoding=\"async\" width=\"1280\" height=\"1280\" src=\"https:\/\/pacorivieraparis.com\/vaftelre\/2022\/12\/photo_2022-12-25_18-52-11.jpg\" class=\"elementor-animation-float attachment-full size-full wp-image-4756\" alt=\"\" srcset=\"https:\/\/pacorivieraparis.com\/vaftelre\/2022\/12\/photo_2022-12-25_18-52-11.jpg 1280w, https:\/\/pacorivieraparis.com\/vaftelre\/2022\/12\/photo_2022-12-25_18-52-11-300x300.jpg 300w, https:\/\/pacorivieraparis.com\/vaftelre\/2022\/12\/photo_2022-12-25_18-52-11-1024x1024.jpg 1024w, https:\/\/pacorivieraparis.com\/vaftelre\/2022\/12\/photo_2022-12-25_18-52-11-150x150.jpg 150w, https:\/\/pacorivieraparis.com\/vaftelre\/2022\/12\/photo_2022-12-25_18-52-11-768x768.jpg 768w, https:\/\/pacorivieraparis.com\/vaftelre\/2022\/12\/photo_2022-12-25_18-52-11-850x850.jpg 850w, https:\/\/pacorivieraparis.com\/vaftelre\/2022\/12\/photo_2022-12-25_18-52-11-410x410.jpg 410w, https:\/\/pacorivieraparis.com\/vaftelre\/2022\/12\/photo_2022-12-25_18-52-11-600x600.jpg 600w, https:\/\/pacorivieraparis.com\/vaftelre\/2022\/12\/photo_2022-12-25_18-52-11-170x170.jpg 170w\" sizes=\"(max-width: 1280px) 100vw, 1280px\" \/><\/a><\/figure><\/div>\t\t\t\t<\/div>\n\t\t\t\t<\/div>\n\t\t\t\t\t<\/div>\n\t\t<\/div>\n\t\t\t\t<div class=\"elementor-column elementor-col-33 elementor-inner-column elementor-element elementor-element-54976b0\" data-id=\"54976b0\" data-element_type=\"column\">\n\t\t\t<div class=\"elementor-widget-wrap elementor-element-populated\">\n\t\t\t\t\t\t<div class=\"elementor-element elementor-element-0006a5a elementor-position-top elementor-widget elementor-widget-image-box\" data-id=\"0006a5a\" data-element_type=\"widget\" data-widget_type=\"image-box.default\">\n\t\t\t\t<div class=\"elementor-widget-container\">\n\t\t\t\t\t<div class=\"elementor-image-box-wrapper\"><figure class=\"elementor-image-box-img\"><a href=\"https:\/\/pacorivieraparis.com\/fr\/categorie-produit\/parfums\/\" tabindex=\"-1\"><img loading=\"lazy\" decoding=\"async\" width=\"700\" height=\"700\" src=\"https:\/\/pacorivieraparis.com\/vaftelre\/2022\/08\/img5.jpg\" class=\"elementor-animation-float attachment-full size-full wp-image-4034\" alt=\"\" srcset=\"https:\/\/pacorivieraparis.com\/vaftelre\/2022\/08\/img5.jpg 700w, https:\/\/pacorivieraparis.com\/vaftelre\/2022\/08\/img5-300x300.jpg 300w, https:\/\/pacorivieraparis.com\/vaftelre\/2022\/08\/img5-150x150.jpg 150w, https:\/\/pacorivieraparis.com\/vaftelre\/2022\/08\/img5-410x410.jpg 410w, https:\/\/pacorivieraparis.com\/vaftelre\/2022\/08\/img5-600x600.jpg 600w, https:\/\/pacorivieraparis.com\/vaftelre\/2022\/08\/img5-170x170.jpg 170w\" sizes=\"(max-width: 700px) 100vw, 700px\" \/><\/a><\/figure><\/div>\t\t\t\t<\/div>\n\t\t\t\t<\/div>\n\t\t\t\t\t<\/div>\n\t\t<\/div>\n\t\t\t\t<div class=\"elementor-column elementor-col-33 elementor-inner-column elementor-element elementor-element-beb3fbd\" data-id=\"beb3fbd\" data-element_type=\"column\">\n\t\t\t<div class=\"elementor-widget-wrap elementor-element-populated\">\n\t\t\t\t\t\t<div class=\"elementor-element elementor-element-3664e71 elementor-position-top elementor-widget elementor-widget-image-box\" data-id=\"3664e71\" data-element_type=\"widget\" data-widget_type=\"image-box.default\">\n\t\t\t\t<div class=\"elementor-widget-container\">\n\t\t\t\t\t<div class=\"elementor-image-box-wrapper\"><figure class=\"elementor-image-box-img\"><a href=\"https:\/\/pacorivieraparis.com\/fr\/categorie-produit\/soin-du-corps\/\" tabindex=\"-1\"><img loading=\"lazy\" decoding=\"async\" width=\"1280\" height=\"1280\" src=\"https:\/\/pacorivieraparis.com\/vaftelre\/2022\/12\/photo_2022-12-25_14-59-09.jpg\" class=\"elementor-animation-float attachment-full size-full wp-image-4754\" alt=\"\" srcset=\"https:\/\/pacorivieraparis.com\/vaftelre\/2022\/12\/photo_2022-12-25_14-59-09.jpg 1280w, https:\/\/pacorivieraparis.com\/vaftelre\/2022\/12\/photo_2022-12-25_14-59-09-300x300.jpg 300w, https:\/\/pacorivieraparis.com\/vaftelre\/2022\/12\/photo_2022-12-25_14-59-09-1024x1024.jpg 1024w, https:\/\/pacorivieraparis.com\/vaftelre\/2022\/12\/photo_2022-12-25_14-59-09-150x150.jpg 150w, https:\/\/pacorivieraparis.com\/vaftelre\/2022\/12\/photo_2022-12-25_14-59-09-768x768.jpg 768w, https:\/\/pacorivieraparis.com\/vaftelre\/2022\/12\/photo_2022-12-25_14-59-09-850x850.jpg 850w, https:\/\/pacorivieraparis.com\/vaftelre\/2022\/12\/photo_2022-12-25_14-59-09-410x410.jpg 410w, https:\/\/pacorivieraparis.com\/vaftelre\/2022\/12\/photo_2022-12-25_14-59-09-600x600.jpg 600w, https:\/\/pacorivieraparis.com\/vaftelre\/2022\/12\/photo_2022-12-25_14-59-09-170x170.jpg 170w\" sizes=\"(max-width: 1280px) 100vw, 1280px\" \/><\/a><\/figure><\/div>\t\t\t\t<\/div>\n\t\t\t\t<\/div>\n\t\t\t\t\t<\/div>\n\t\t<\/div>\n\t\t\t\t\t<\/div>\n\t\t<\/section>\n\t\t\t\t\t<\/div>\n\t\t<\/div>\n\t\t\t\t\t<\/div>\n\t\t<\/section>\n\t\t\t\t<\/div>\n\t\t","protected":false},"excerpt":{"rendered":"<p>Le site de vente directe du producteur au consommateur via internet est 100% alg\u00e9rien, cr\u00e9\u00e9 en 2022 Nous sommes une soci\u00e9t\u00e9&nbsp;Paco Riviera Paris&nbsp;sp\u00e9cialis\u00e9e dans le d\u00e9veloppement, la production et la commercialisation de cosm\u00e9tiques et de parfums, nous commercialisons une large gamme de produits de soins capillaires et corporels \u00e0 travers notre propre marque. Nous proposons &hellip; <br \/><a href=\"https:\/\/pacorivieraparis.com\/fr\/qui-sommes-nous\/\" class=\"more-link\">Continue reading <span class=\"screen-reader-text\">Qui sommes-nous<\/span><\/a><\/p>\n","protected":false},"author":1,"featured_media":0,"parent":0,"menu_order":0,"comment_status":"closed","ping_status":"closed","template":"","meta":{"footnotes":""},"class_list":["post-3625","page","type-page","status-publish","hentry"],"_hostinger_reach_plugin_has_subscription_block":false,"_hostinger_reach_plugin_is_elementor":false,"_links":{"self":[{"href":"https:\/\/pacorivieraparis.com\/fr\/wp-json\/wp\/v2\/pages\/3625","targetHints":{"allow":["GET"]}}],"collection":[{"href":"https:\/\/pacorivieraparis.com\/fr\/wp-json\/wp\/v2\/pages"}],"about":[{"href":"https:\/\/pacorivieraparis.com\/fr\/wp-json\/wp\/v2\/types\/page"}],"author":[{"embeddable":true,"href":"https:\/\/pacorivieraparis.com\/fr\/wp-json\/wp\/v2\/users\/1"}],"replies":[{"embeddable":true,"href":"https:\/\/pacorivieraparis.com\/fr\/wp-json\/wp\/v2\/comments?post=3625"}],"version-history":[{"count":31,"href":"https:\/\/pacorivieraparis.com\/fr\/wp-json\/wp\/v2\/pages\/3625\/revisions"}],"predecessor-version":[{"id":4853,"href":"https:\/\/pacorivieraparis.com\/fr\/wp-json\/wp\/v2\/pages\/3625\/revisions\/4853"}],"wp:attachment":[{"href":"https:\/\/pacorivieraparis.com\/fr\/wp-json\/wp\/v2\/media?parent=3625"}],"curies":[{"name":"wp","href":"https:\/\/api.w.org\/{rel}","templated":true}]}}