{"id":3624,"date":"2022-08-03T14:21:55","date_gmt":"2022-08-03T14:21:55","guid":{"rendered":"https:\/\/pacorivieraparis.com\/%d8%a7%d9%84%d8%a7%d8%b3%d8%aa%d8%b1%d8%af%d8%a7%d8%af-%d9%88%d8%a7%d9%84%d8%a5%d8%b1%d8%ac%d8%a7%d8%b9\/"},"modified":"2022-12-27T09:51:22","modified_gmt":"2022-12-27T09:51:22","slug":"politique-de-remboursement-et-retour","status":"publish","type":"page","link":"https:\/\/pacorivieraparis.com\/fr\/politique-de-remboursement-et-retour\/","title":{"rendered":"Politique de remboursement et retour"},"content":{"rendered":"\t\t<div data-elementor-type=\"wp-page\" data-elementor-id=\"3624\" class=\"elementor elementor-3624 elementor-13\">\n\t\t\t\t\t\t<section class=\"elementor-section elementor-top-section elementor-element elementor-element-3bf5ebda elementor-section-boxed elementor-section-height-default elementor-section-height-default\" data-id=\"3bf5ebda\" data-element_type=\"section\">\n\t\t\t\t\t\t<div class=\"elementor-container elementor-column-gap-default\">\n\t\t\t\t\t<div class=\"elementor-column elementor-col-100 elementor-top-column elementor-element elementor-element-2f0bcaec\" data-id=\"2f0bcaec\" data-element_type=\"column\">\n\t\t\t<div class=\"elementor-widget-wrap elementor-element-populated\">\n\t\t\t\t\t\t<div class=\"elementor-element elementor-element-2d0961dc elementor-widget elementor-widget-text-editor\" data-id=\"2d0961dc\" data-element_type=\"widget\" data-widget_type=\"text-editor.default\">\n\t\t\t\t<div class=\"elementor-widget-container\">\n\t\t\t\t\t\t\t\t\t<p><strong>D\u00e9lai de notification du retour de la commande par courrier ou en contactant le service client:<\/strong> 48 heures apr\u00e8s r\u00e9ception de la commande<\/p><p><strong>Date limite de retour de la demande \u00e0 Paco Riviera Paris :<\/strong> 4 jours apr\u00e8s la notification du retour de la demande<\/p><p><strong>D\u00e9lai d&#8217;\u00e9change ou de remboursement de la commande:<\/strong> une semaine apr\u00e8s r\u00e9ception de la r\u00e9f\u00e9rence de la commande (pour le contr\u00f4le qualit\u00e9)<\/p><p><strong>Si le r\u00e9sultat du contr\u00f4le qualit\u00e9 est positif:<\/strong> le produit sera remplac\u00e9 ou rembours\u00e9 dans le respect des d\u00e9lais ci-dessus<\/p><p><strong>Si le r\u00e9sultat QC est n\u00e9gatif :<\/strong> le produit sera retourn\u00e9 au client dans les 48 heures<\/p>\t\t\t\t\t\t\t\t<\/div>\n\t\t\t\t<\/div>\n\t\t\t\t<div class=\"elementor-element elementor-element-94dbeb4 elementor-widget elementor-widget-spacer\" data-id=\"94dbeb4\" data-element_type=\"widget\" data-widget_type=\"spacer.default\">\n\t\t\t\t<div class=\"elementor-widget-container\">\n\t\t\t\t\t\t\t<div class=\"elementor-spacer\">\n\t\t\t<div class=\"elementor-spacer-inner\"><\/div>\n\t\t<\/div>\n\t\t\t\t\t\t<\/div>\n\t\t\t\t<\/div>\n\t\t\t\t\t<\/div>\n\t\t<\/div>\n\t\t\t\t\t<\/div>\n\t\t<\/section>\n\t\t\t\t<\/div>\n\t\t","protected":false},"excerpt":{"rendered":"<p>D\u00e9lai de notification du retour de la commande par courrier ou en contactant le service client: 48 heures apr\u00e8s r\u00e9ception de la commande Date limite de retour de la demande \u00e0 Paco Riviera Paris : 4 jours apr\u00e8s la notification du retour de la demande D\u00e9lai d&#8217;\u00e9change ou de remboursement de la commande: une semaine &hellip; <br \/><a href=\"https:\/\/pacorivieraparis.com\/fr\/politique-de-remboursement-et-retour\/\" class=\"more-link\">Continue reading <span class=\"screen-reader-text\">Politique de remboursement et retour<\/span><\/a><\/p>\n","protected":false},"author":1,"featured_media":0,"parent":0,"menu_order":0,"comment_status":"closed","ping_status":"closed","template":"","meta":{"footnotes":""},"class_list":["post-3624","page","type-page","status-publish","hentry"],"_hostinger_reach_plugin_has_subscription_block":false,"_hostinger_reach_plugin_is_elementor":false,"_links":{"self":[{"href":"https:\/\/pacorivieraparis.com\/fr\/wp-json\/wp\/v2\/pages\/3624","targetHints":{"allow":["GET"]}}],"collection":[{"href":"https:\/\/pacorivieraparis.com\/fr\/wp-json\/wp\/v2\/pages"}],"about":[{"href":"https:\/\/pacorivieraparis.com\/fr\/wp-json\/wp\/v2\/types\/page"}],"author":[{"embeddable":true,"href":"https:\/\/pacorivieraparis.com\/fr\/wp-json\/wp\/v2\/users\/1"}],"replies":[{"embeddable":true,"href":"https:\/\/pacorivieraparis.com\/fr\/wp-json\/wp\/v2\/comments?post=3624"}],"version-history":[{"count":1,"href":"https:\/\/pacorivieraparis.com\/fr\/wp-json\/wp\/v2\/pages\/3624\/revisions"}],"predecessor-version":[{"id":4858,"href":"https:\/\/pacorivieraparis.com\/fr\/wp-json\/wp\/v2\/pages\/3624\/revisions\/4858"}],"wp:attachment":[{"href":"https:\/\/pacorivieraparis.com\/fr\/wp-json\/wp\/v2\/media?parent=3624"}],"curies":[{"name":"wp","href":"https:\/\/api.w.org\/{rel}","templated":true}]}}