{"id":3623,"date":"2022-08-03T14:12:52","date_gmt":"2022-08-03T14:12:52","guid":{"rendered":"https:\/\/pacorivieraparis.com\/%d8%b3%d9%8a%d8%a7%d8%b3%d8%a9-%d8%a7%d9%84%d8%ae%d8%b5%d9%88%d8%b5%d9%8a%d8%a9\/"},"modified":"2022-12-27T09:51:15","modified_gmt":"2022-12-27T09:51:15","slug":"politique-confidentialite","status":"publish","type":"page","link":"https:\/\/pacorivieraparis.com\/fr\/politique-confidentialite\/","title":{"rendered":"Politique Confidentialit\u00e9"},"content":{"rendered":"\t\t<div data-elementor-type=\"wp-page\" data-elementor-id=\"3623\" class=\"elementor elementor-3623 elementor-3\">\n\t\t\t\t\t\t<section class=\"elementor-section elementor-top-section elementor-element elementor-element-33d27cd4 elementor-section-boxed elementor-section-height-default elementor-section-height-default\" data-id=\"33d27cd4\" data-element_type=\"section\">\n\t\t\t\t\t\t<div class=\"elementor-container elementor-column-gap-default\">\n\t\t\t\t\t<div class=\"elementor-column elementor-col-100 elementor-top-column elementor-element elementor-element-40669fdb\" data-id=\"40669fdb\" data-element_type=\"column\">\n\t\t\t<div class=\"elementor-widget-wrap elementor-element-populated\">\n\t\t\t\t\t\t<div class=\"elementor-element elementor-element-2912dd15 elementor-widget elementor-widget-text-editor\" data-id=\"2912dd15\" data-element_type=\"widget\" data-widget_type=\"text-editor.default\">\n\t\t\t\t<div class=\"elementor-widget-container\">\n\t\t\t\t\t\t\t\t\t<p><strong>Article 1-D\u00e9finition des termes<\/strong><\/p><p>Afin de clarifier les conditions g\u00e9n\u00e9rales de vente, les d\u00e9finitions suivantes sont appliqu\u00e9es:<\/p><p>\u201cSite Internet&#8221; d\u00e9signe le site de vente Pacorivieraparis.com, une marque d\u00e9pos\u00e9e &#8220;client&#8221; d\u00e9signe toute personne physique ou morale ayant pass\u00e9 une commande sur le site.<\/p><p>\u201cCommande&#8221; d\u00e9signe le processus de commande de l&#8217;achat du produit par le client sur le site.<\/p><p>\u201cC &#8211; G&#8221; d\u00e9signe les conditions g\u00e9n\u00e9rales de vente.<\/p><p><strong>Article 2. objectif<\/strong><\/p><p>Les pr\u00e9sentes conditions g\u00e9n\u00e9rales de vente s&#8217;appliquent \u00e0 toutes les commandes \u00e9lectroniques ou t\u00e9l\u00e9phoniques pass\u00e9es par une personne ou entreprise, traitant en tant que client avec la soci\u00e9t\u00e9 Paco Riviera sur son site Internet accessible via Pacorivieraparis.com, ou via les plateformes de m\u00e9dias sociaux ou par t\u00e9l\u00e9phone au: 0560.012.007<\/p><p>Les conditions g\u00e9n\u00e9rales de vente peuvent \u00eatre modifi\u00e9es \u00e0 tout moment par paco riviera et il appartient au client de les consulter et de les accepter avant toute commande.<\/p><p>Les C-G applicables sont ceux qui apparaissent sur le site le jour de votre commande.<\/p><p>La passation de toute commande sur le site est consid\u00e9r\u00e9e comme une acceptation de C-G au jour de la commande.<\/p><p><strong>Article 3-Prix et commandes<\/strong><\/p><p><strong>\u00a0 3.1 prix des produits:<\/strong><\/p><p>Les prix des produits sont valables tant qu&#8217;ils sont visibles sur le site, ils sont en monnaie dinar alg\u00e9rien et toutes les taxes y sont incluses.<\/p><p><strong>\u00a03.2 commande de produits:<\/strong><\/p><p>Le site contient la disponibilit\u00e9 des produits ou non, et ce sur chacune des pages d&#8217;informations sur les produits. Si le produit est en rupture de stock, la phrase \u201cen rupture de stock\u201d sera affich\u00e9e sur la page du produit.<\/p><p>Si le produit devient indisponible apr\u00e8s votre commande; Pacorivieraparis.com il vous informera par e-mail de l&#8217;indisponibilit\u00e9 de ce produit et vous donnera la possibilit\u00e9 de choisir entre:<\/p><p>&#8211; D&#8217;envoyer un produit de la m\u00eame qualit\u00e9 et du m\u00eame prix que le produit inexistant.<\/p><p>&#8211; Annuler la commande pr\u00e9c\u00e9dente.<\/p><p><strong>3.3 conditions de passation des commandes<\/strong><\/p><p>Pour passer une commande sur Pacorivieraparis.com , les variantes suivantes sont possibles:<\/p><p>&#8211; Sur le site: via le site Pacorivieraparis.com tous les jours de la semaine et toutes les heures de la journ\u00e9e, sauf lorsque le site est indisponible pour des raisons techniques.<\/p><p>&#8211; Par t\u00e9l\u00e9phone: 0560.012.007 du samedi au jeudi de 09:00am \u00e0 17:30pm , sauf jours f\u00e9ri\u00e9s et f\u00eates religieuses.<\/p><p>Toute demande est envoy\u00e9e \u00e0 Pacorivieraparis.com par courrier ou fax ne peuvent \u00eatre pris en compte.<\/p><p>Lors de la passation de votre commande, vous devez la confirmer par une technique appel\u00e9e &#8220;double-clic\u201d, cela signifie qu&#8217;apr\u00e8s avoir s\u00e9lectionn\u00e9 les produits ajout\u00e9s \u00e0 votre panier, vous devez v\u00e9rifier et \u00e9ventuellement corriger (c&#8217;est-\u00e0-dire sp\u00e9cifier la quantit\u00e9 de produits s\u00e9lectionn\u00e9s, les prix correspondants, les conditions et les frais de livraison) avant de le v\u00e9rifier et d&#8217;accepter le C-G en cours, confirmant ainsi l&#8217;acceptation de votre commande.<\/p><p><strong>3.4 enregistrement des demandes:<\/strong><\/p><p>Apr\u00e8s avoir pass\u00e9 votre commande, vous allez Pacorivieraparis.com recevez le re\u00e7u en vous envoyant un e-mail de confirmation de commande comprenant un r\u00e9capitulatif de votre commande, puis, la confirmation sera finalis\u00e9e apr\u00e8s un appel t\u00e9l\u00e9phonique au num\u00e9ro de t\u00e9l\u00e9phone fourni lors de l&#8217;inscription, dans un d\u00e9lai maximum de 24 heures.<\/p><p>R\u00e9serves Pacorivieraparis.com le droit de ne pas v\u00e9rifier la validit\u00e9 de votre candidature pour quelque motif l\u00e9gitime que ce soit, notamment si:<\/p><p>&#8211; Elle \u00e9tait incompatible avec cet C-G.<\/p><p>&#8211; L&#8217;une de vos commandes pr\u00e9c\u00e9dentes n&#8217;a pas \u00e9t\u00e9 pay\u00e9e int\u00e9gralement \u00e0 temps\u061b<\/p><p>&#8211; Un litige li\u00e9 au paiement d&#8217;une de vos pr\u00e9c\u00e9dentes commandes est en cours de traitement\u061b<\/p><p>&#8211; La pr\u00e9sence de nombreux \u00e9l\u00e9ments dangereux et identiques qui feraient soup\u00e7onner que votre application contient une fraude.<\/p><p>Les e-mails sont envoy\u00e9s \u00e0 l&#8217;adresse e-mail que vous utilisez pour vous identifier dans l&#8217;espace client.<\/p><p>Remarque: Si vous ne recevez pas l&#8217;un des messages ci-dessus, nous vous conseillons de contacter le service client.<\/p><p><strong>Article 4-Paiement<\/strong><\/p><p>Lors de la passation d&#8217;une commande, le client peut choisir le mode de paiement qu&#8217;il souhaite:<\/p><p>Paiement en esp\u00e8ces: le client peut payer en esp\u00e8ces lorsque sa commande lui arrive.<\/p><p>Paiement par la post: le client peut r\u00e9gler sa commande par virement postal o\u00f9 les informations du compte sont envoy\u00e9es par e-mail. Lorsque le paiement est effectu\u00e9, le client doit nous envoyer le re\u00e7u de virement \u00e0 l&#8217;adresse suivante: Contact.paco.riviera@gmail.com<\/p><p>Bon d&#8217;achat: le client peut payer tout ou partie de la commande avec un bon d&#8217;achat fourni par le site Web de Paco Riviera. Ces coupons ne sont utilis\u00e9s qu&#8217;une seule fois, et si le client tente de les utiliser \u00e0 nouveau, sa commande sera annul\u00e9e imm\u00e9diatement.<\/p><p>Cartes cadeaux: le client peut r\u00e9gler tout ou partie du prix de sa commande via les cartes cadeaux fournies par le site Internet Paco Riviera<\/p><p><strong>Article 5-Livraison<\/strong><\/p><p><strong>5.1 conditions g\u00e9n\u00e9rales:<\/strong><\/p><p>Soumettre Pacorivieraparis.com divers services de livraison directement \u00e0 votre domicile, lieu de travail ou point de retrait, la livraison est effectu\u00e9e exclusivement vers \u00e9tats alg\u00e9riens.<\/p><p>Les commandes sont livr\u00e9es par les services de transport fournis par Pacorivieraparis.com, ce qui est clairement indiqu\u00e9 sur la page d&#8217;information d\u00e9di\u00e9e \u00e0 la livraison en cliquant ici.<\/p><p><strong>5.2 absence du destinataire \u00e0 la livraison:<\/strong><\/p><p>Dans le cas o\u00f9 le destinataire est absent au moment de la livraison, le service de transfert proposera deux autres tentatives de livraison. Apr\u00e8s trois tentatives infructueuses, la commande sera annul\u00e9e.<\/p><p>5.3 erreur de livraison et d\u00e9faut \u00e9vident:<\/p><p>Le client s&#8217;engage \u00e0 v\u00e9rifier la conformit\u00e9 du produit lors de la livraison. En cas d&#8217;erreur concernant la commande ou de d\u00e9faut manifeste du produit, le client doit le d\u00e9clarer dans un d\u00e9lai de 48 heures \u00e0 compter de la date de livraison.<\/p><p>Pass\u00e9 ce d\u00e9lai, le client ne pourra plus d\u00e9clarer une erreur de livraison ou un d\u00e9faut manifeste.<\/p><p><strong>5.4 dommages et pertes partiels:<\/strong><\/p><p>En cas de livraison d&#8217;un colis pr\u00e9sentant une d\u00e9t\u00e9rioration \u00e9vidente, le client peut refuser la r\u00e9ception et b\u00e9n\u00e9ficier de la garantie fournie par le fabricant.<\/p><p>Le client doit \u00e9galement informer Pacorivieraparis.com sans d\u00e9lai afin qu&#8217;un nouveau colis soit pr\u00e9par\u00e9, puis exp\u00e9di\u00e9 lorsque le colis endommag\u00e9 est re\u00e7u en retour.<\/p><p>De m\u00eame, le client doit refuser tout colis incomplet ou comportant des produits endommag\u00e9s. En effet, la r\u00e9ception de la demande d\u00e9cline toute responsabilit\u00e9 Pacorivieraparis.com en cas de dommage ou de perte partielle si dans un d\u00e9lai sup\u00e9rieur \u00e0 48 heures, jours f\u00e9ri\u00e9s compris, post\u00e9rieur \u00e0 cette r\u00e9ception, le destinataire n&#8217;a pas notifi\u00e9 Pacorivieraparis.com dans ce cas, le client ne pourra \u00eatre indemnis\u00e9.<\/p><p><strong>Article 6-Droits du client<\/strong><\/p><p>Pour toute r\u00e9clamation ou information, le client peut contacter diff\u00e9rents services Pacorivieraparis.com<\/p><p>&#8211; Service client: service client depuis le site de vente en ligne Pacorivieraparis.com il est joignable par t\u00e9l\u00e9phone au 0560.012.007 du samedi au jeudi, de 09h00 \u00e0 17h30, sauf jours f\u00e9ri\u00e9s, et peut \u00e9galement \u00eatre joint par e-mail \u00e0 l&#8217;adresse suivante : Contact.paco.riviera@gmail.com<\/p><p><strong>Article 7-Garantie<\/strong><\/p><p>La pr\u00e9sence de cette garantie constructeur est indiqu\u00e9e dans la fiche produit sur le site internet.<\/p><p><br \/>Si vous souhaitez profiter de la garantie, veuillez nous en informer lors de la prise de contact avec le service client.<\/p><p>Pour b\u00e9n\u00e9ficier de votre garantie d&#8217;usine, vous devez conserver votre facture d&#8217;achat et enregistrer le num\u00e9ro de s\u00e9rie sur le produit respectif. Dans le cas o\u00f9 ces documents et informations ne sont pas fournis, le fournisseur ou le fabricant du produit peut refuser de mettre en \u0153uvre la garantie.<\/p><p>Pour profiter de la garantie de votre fabricant, il est de votre responsabilit\u00e9 de lire les conditions de la demande de garantie du fabricant qui se trouvent g\u00e9n\u00e9ralement dans l&#8217;emballage qui contient le produit.<\/p><p><strong>Article 8. responsabilit\u00e9<\/strong><\/p><p>Ne pas supporter Pacorivieraparis.com la responsabilit\u00e9 en cas d&#8217;inex\u00e9cution de l&#8217;une de ses obligations d\u00e9coulant du contrat de vente d\u00e8s lors que l&#8217;inex\u00e9cution est li\u00e9e \u00e0 la survenance d&#8217;une situation de force majeure ind\u00e9pendante de sa capacit\u00e9.<\/p><p><strong>Article 9-Droit applicable<\/strong><\/p><p>La mise en \u0153uvre et l&#8217;interpr\u00e9tation du C-G sont r\u00e9gies par les lois de la R\u00e9publique alg\u00e9rienne d\u00e9mocratique et populaire.<\/p><p><strong>Article 10-R\u00e8glement des litiges<\/strong><\/p><p>Les parties cherchent \u00e0 r\u00e9soudre \u00e0 l&#8217;amiable tout litige d\u00e9coulant du contrat concernant sa validit\u00e9, son ex\u00e9cution, son interpr\u00e9tation, sa r\u00e9siliation et ses cons\u00e9quences.<\/p><p>La Partie requ\u00e9rante notifiera d\u00fbment \u00e0 l&#8217;int\u00e9ress\u00e9 tout diff\u00e9rend par r\u00e9f\u00e9rence explicite au pr\u00e9sent article et les parties disposeront d&#8217;un d\u00e9lai de deux mois pour r\u00e9gler le diff\u00e9rend \u00e0 l&#8217;amiable \u00e0 compter de la date de r\u00e9ception de la notification.<\/p><p>Tout litige et \/ ou diff\u00e9rend de quelque nature que ce soit qui pourrait survenir lors de l&#8217;interpr\u00e9tation ou de l&#8217;ex\u00e9cution du contrat et qui ne pourrait \u00eatre r\u00e9gl\u00e9 \u00e0 l&#8217;amiable sera soumis au tribunal d&#8217;Alger.<\/p><p><strong>Article 11. Modification<\/strong><\/p><p>Ces conditions sont susceptibles d&#8217;\u00eatre modifi\u00e9es \u00e0 tout moment par Pacorivieraparis.com<\/p><p>Il est de votre responsabilit\u00e9 de le consulter et de l&#8217;accepter formellement avant de passer toute commande.<\/p>\t\t\t\t\t\t\t\t<\/div>\n\t\t\t\t<\/div>\n\t\t\t\t<div class=\"elementor-element elementor-element-6f80f59 elementor-widget elementor-widget-spacer\" data-id=\"6f80f59\" data-element_type=\"widget\" data-widget_type=\"spacer.default\">\n\t\t\t\t<div class=\"elementor-widget-container\">\n\t\t\t\t\t\t\t<div class=\"elementor-spacer\">\n\t\t\t<div class=\"elementor-spacer-inner\"><\/div>\n\t\t<\/div>\n\t\t\t\t\t\t<\/div>\n\t\t\t\t<\/div>\n\t\t\t\t\t<\/div>\n\t\t<\/div>\n\t\t\t\t\t<\/div>\n\t\t<\/section>\n\t\t\t\t<\/div>\n\t\t","protected":false},"excerpt":{"rendered":"<p>Article 1-D\u00e9finition des termes Afin de clarifier les conditions g\u00e9n\u00e9rales de vente, les d\u00e9finitions suivantes sont appliqu\u00e9es: \u201cSite Internet&#8221; d\u00e9signe le site de vente Pacorivieraparis.com, une marque d\u00e9pos\u00e9e &#8220;client&#8221; d\u00e9signe toute personne physique ou morale ayant pass\u00e9 une commande sur le site. \u201cCommande&#8221; d\u00e9signe le processus de commande de l&#8217;achat du produit par le client &hellip; <br \/><a href=\"https:\/\/pacorivieraparis.com\/fr\/politique-confidentialite\/\" class=\"more-link\">Continue reading <span class=\"screen-reader-text\">Politique Confidentialit\u00e9<\/span><\/a><\/p>\n","protected":false},"author":1,"featured_media":0,"parent":0,"menu_order":0,"comment_status":"closed","ping_status":"closed","template":"","meta":{"footnotes":""},"class_list":["post-3623","page","type-page","status-publish","hentry"],"_hostinger_reach_plugin_has_subscription_block":false,"_hostinger_reach_plugin_is_elementor":false,"_links":{"self":[{"href":"https:\/\/pacorivieraparis.com\/fr\/wp-json\/wp\/v2\/pages\/3623","targetHints":{"allow":["GET"]}}],"collection":[{"href":"https:\/\/pacorivieraparis.com\/fr\/wp-json\/wp\/v2\/pages"}],"about":[{"href":"https:\/\/pacorivieraparis.com\/fr\/wp-json\/wp\/v2\/types\/page"}],"author":[{"embeddable":true,"href":"https:\/\/pacorivieraparis.com\/fr\/wp-json\/wp\/v2\/users\/1"}],"replies":[{"embeddable":true,"href":"https:\/\/pacorivieraparis.com\/fr\/wp-json\/wp\/v2\/comments?post=3623"}],"version-history":[{"count":1,"href":"https:\/\/pacorivieraparis.com\/fr\/wp-json\/wp\/v2\/pages\/3623\/revisions"}],"predecessor-version":[{"id":4857,"href":"https:\/\/pacorivieraparis.com\/fr\/wp-json\/wp\/v2\/pages\/3623\/revisions\/4857"}],"wp:attachment":[{"href":"https:\/\/pacorivieraparis.com\/fr\/wp-json\/wp\/v2\/media?parent=3623"}],"curies":[{"name":"wp","href":"https:\/\/api.w.org\/{rel}","templated":true}]}}